{"id":1700,"date":"2024-07-16T08:29:25","date_gmt":"2024-07-16T08:29:25","guid":{"rendered":"https:\/\/thepcba.com\/?post_type=product&#038;p=1700"},"modified":"2024-07-16T08:30:13","modified_gmt":"2024-07-16T08:30:13","slug":"custom-metal-enclosures","status":"publish","type":"product","link":"https:\/\/thepcba.com\/hu\/manufacturer\/custom-metal-enclosures\/","title":{"rendered":"Egyedi f\u00e9m burkolatok"},"content":{"rendered":"<p data-sourcepos=\"3:1-3:306\">Az elektronika ter\u00fclet\u00e9n, ahol az innov\u00e1ci\u00f3 az uralkod\u00f3, a szabv\u00e1nyos megold\u00e1sok gyakran elmaradnak. Itt j\u00f6nnek a k\u00e9pbe az egyedi f\u00e9mh\u00e1zak, amelyek t\u00f6k\u00e9letesen illeszkednek az \u00d6n egyedi elektronikus alkot\u00e1saihoz. Ezeket a robusztus anyagokb\u00f3l, p\u00e9ld\u00e1ul alum\u00edniumb\u00f3l vagy rozsdamentes ac\u00e9lb\u00f3l apr\u00f3l\u00e9kosan megmunk\u00e1lt burkolatokat az \u00d6n pontos specifik\u00e1ci\u00f3i szerint tervezik \u00e9s \u00e9p\u00edtik.<\/p>\n<h4 data-sourcepos=\"5:1-5:91\"><strong>Gondoljon r\u00e1juk \u00fagy, mint az elektronik\u00e1j\u00e1ra szabott \u00f6lt\u00f6nyre, amely sz\u00e1mos el\u0151nnyel j\u00e1r:<\/strong><\/h4>\n<ul data-sourcepos=\"7:1-7:13\">\n<li data-sourcepos=\"7:1-7:13\"><strong>P\u00e1ratlan precizit\u00e1s:<\/strong> T\u00f6k\u00e9letes m\u00e9reteket \u00e9s konfigur\u00e1ci\u00f3kat \u00e9rhet el, biztos\u00edtva az elektronikus alkatr\u00e9szek z\u00f6kken\u0151mentes integr\u00e1ci\u00f3j\u00e1t.<\/li>\n<li data-sourcepos=\"8:1-8:102\"><strong>Tov\u00e1bbfejlesztett funkcionalit\u00e1s:<\/strong> Tervez\u00e9si jellemz\u0151k, p\u00e9ld\u00e1ul szell\u0151z\u0151ny\u00edl\u00e1sok, kiv\u00e1g\u00e1sok \u00e9s integr\u00e1lt r\u00f6gz\u00edt\u00e9si pontok a teljes\u00edtm\u00e9ny optimaliz\u00e1l\u00e1sa \u00e9rdek\u00e9ben.<\/li>\n<li data-sourcepos=\"9:1-9:128\"><strong>P\u00e1ratlan v\u00e9delem:<\/strong> V\u00e9dje meg \u00e9rz\u00e9keny elektronik\u00e1j\u00e1t a fizikai behat\u00e1sokt\u00f3l, port\u00f3l, nedvess\u00e9gt\u0151l \u00e9s EMI-interferenci\u00e1t\u00f3l.<\/li>\n<li data-sourcepos=\"10:1-11:0\"><strong>Professzion\u00e1lis eszt\u00e9tika:<\/strong> Fejezze ki m\u00e1rkaidentit\u00e1s\u00e1t egy eleg\u00e1ns, egyedi tervez\u00e9s\u0171 h\u00e1zzal, amely kieg\u00e9sz\u00edti az elektronik\u00e1t.<\/li>\n<\/ul>\n<h4 data-sourcepos=\"12:1-12:111\"><strong>Az egyedi f\u00e9mh\u00e1zak az elektronikai alkalmaz\u00e1sok sz\u00e9les sk\u00e1l\u00e1j\u00e1t szolg\u00e1lj\u00e1k ki, amelyeknek csak a k\u00e9pzelet szab hat\u00e1rt:<\/strong><\/h4>\n<ul data-sourcepos=\"14:1-14:123\">\n<li data-sourcepos=\"14:1-14:123\"><strong>Protot\u00edpusgy\u00e1rt\u00e1s \u00e9s fejleszt\u00e9s:<\/strong> K\u00e9sz\u00edtsen funkcion\u00e1lis burkolatokat protot\u00edpusaihoz, felgyors\u00edtva ezzel a fejleszt\u00e9si folyamatot.<\/li>\n<li data-sourcepos=\"15:1-15:117\"><strong>Ipari automatiz\u00e1l\u00e1s:<\/strong> Egyedi burkolatok tervez\u00e9se vez\u00e9rl\u0151panelek, \u00e9rz\u00e9kel\u0151k \u00e9s egy\u00e9b berendez\u00e9sek sz\u00e1m\u00e1ra gy\u00e1rakban.<\/li>\n<li data-sourcepos=\"16:1-16:106\"><strong>Orvostechnikai eszk\u00f6z\u00f6k:<\/strong> Olyan burkolatok gy\u00e1rt\u00e1sa, amelyek megfelelnek a szigor\u00fa orvosi biztons\u00e1gi \u00e9s higi\u00e9niai el\u0151\u00edr\u00e1soknak.<\/li>\n<li data-sourcepos=\"17:1-17:114\"><strong>T\u00e1vk\u00f6zl\u00e9s:<\/strong> Egyedi burkolatok kifejleszt\u00e9se h\u00e1l\u00f3zati berendez\u00e9sekhez, biztos\u00edtva a megb\u00edzhat\u00f3 jel\u00e1tvitelt.<\/li>\n<li data-sourcepos=\"18:1-19:0\"><strong>Sz\u00f3rakoztat\u00f3 elektronika:<\/strong> K\u00e9sz\u00edtsen egyedi burkolatokat innovat\u00edv elektronikai term\u00e9kei sz\u00e1m\u00e1ra, amelyek megk\u00fcl\u00f6nb\u00f6ztetik m\u00e1rk\u00e1j\u00e1t.<\/li>\n<\/ul>\n<h4 data-sourcepos=\"20:1-20:70\"><strong>Az egyedi f\u00e9mburkolat l\u00e9trehoz\u00e1s\u00e1nak folyamata egy\u00fcttm\u0171k\u00f6d\u00e9sen alapul:<\/strong><\/h4>\n<ul data-sourcepos=\"22:1-26:0\">\n<li data-sourcepos=\"22:1-22:102\"><strong>Besz\u00e9lje meg az ig\u00e9nyeit:<\/strong> Ossza meg elk\u00e9pzel\u00e9seit \u00e9s funkcionalit\u00e1si k\u00f6vetelm\u00e9nyeit tapasztalt m\u00e9rn\u00f6k\u00f6kkel.<\/li>\n<li data-sourcepos=\"23:1-23:105\"><strong>K\u00f6z\u00f6s tervez\u00e9s:<\/strong> Dolgozzon egy\u00fctt a tervez\u0151kkel, hogy elk\u00e9pzel\u00e9seit r\u00e9szletes m\u0171szaki rajzokk\u00e1 alak\u00edtsa.<\/li>\n<li data-sourcepos=\"24:1-24:112\"><strong>Protot\u00edpus \u00e9s finom\u00edt\u00e1s:<\/strong> Protot\u00edpusok k\u00e9sz\u00edt\u00e9se a burkolat hib\u00e1tlan form\u00e1j\u00e1nak \u00e9s m\u0171k\u00f6d\u00e9s\u00e9nek biztos\u00edt\u00e1sa \u00e9rdek\u00e9ben a sorozatgy\u00e1rt\u00e1s el\u0151tt.<\/li>\n<li data-sourcepos=\"25:1-26:0\"><strong>Kiv\u00e1l\u00f3 min\u0151s\u00e9g\u0171 gy\u00e1rt\u00e1s:<\/strong> Haszn\u00e1lja ki a fejlett f\u00e9mgy\u00e1rt\u00e1si technik\u00e1kat a kiv\u00e1l\u00f3 k\u00e9szterm\u00e9k \u00e9rdek\u00e9ben.<\/li>\n<\/ul>","protected":false},"excerpt":{"rendered":"<p>Az egyedi f\u00e9mh\u00e1zakba val\u00f3 befektet\u00e9ssel nem csak az elektronik\u00e1t v\u00e9di, hanem \u00e9letet ad egyedi elk\u00e9pzel\u00e9s\u00e9nek. Egyedi megold\u00e1st hoz l\u00e9tre, amely t\u00f6k\u00e9letesen illeszkedik elektronikus remekm\u0171v\u00e9hez.<\/p>","protected":false},"featured_media":1701,"template":"","meta":[],"product_cat":[38],"product_tag":[],"_links":{"self":[{"href":"https:\/\/thepcba.com\/hu\/wp-json\/wp\/v2\/product\/1700"}],"collection":[{"href":"https:\/\/thepcba.com\/hu\/wp-json\/wp\/v2\/product"}],"about":[{"href":"https:\/\/thepcba.com\/hu\/wp-json\/wp\/v2\/types\/product"}],"wp:featuredmedia":[{"embeddable":true,"href":"https:\/\/thepcba.com\/hu\/wp-json\/wp\/v2\/media\/1701"}],"wp:attachment":[{"href":"https:\/\/thepcba.com\/hu\/wp-json\/wp\/v2\/media?parent=1700"}],"wp:term":[{"taxonomy":"product_cat","embeddable":true,"href":"https:\/\/thepcba.com\/hu\/wp-json\/wp\/v2\/product_cat?post=1700"},{"taxonomy":"product_tag","embeddable":true,"href":"https:\/\/thepcba.com\/hu\/wp-json\/wp\/v2\/product_tag?post=1700"}],"curies":[{"name":"wp","href":"https:\/\/api.w.org\/{rel}","templated":true}]}}