{"id":1697,"date":"2024-07-16T08:22:03","date_gmt":"2024-07-16T08:22:03","guid":{"rendered":"https:\/\/thepcba.com\/?post_type=product&#038;p=1697"},"modified":"2024-07-16T08:22:10","modified_gmt":"2024-07-16T08:22:10","slug":"metal-enclosures-for-electronics","status":"publish","type":"product","link":"https:\/\/thepcba.com\/hu\/manufacturer\/metal-enclosures-for-electronics\/","title":{"rendered":"F\u00e9m burkolatok elektronik\u00e1hoz"},"content":{"rendered":"<p data-sourcepos=\"3:1-3:264\">Az elektronika dinamikus vil\u00e1g\u00e1ban a l\u00e9tfontoss\u00e1g\u00fa alkatr\u00e9szek v\u00e9delme kiemelked\u0151 fontoss\u00e1g\u00fa. A robusztus anyagokb\u00f3l, p\u00e9ld\u00e1ul alum\u00edniumb\u00f3l vagy rozsdamentes ac\u00e9lb\u00f3l k\u00e9sz\u00fclt f\u00e9mh\u00e1zak az elektronikus eszk\u00f6z\u00f6k \u0151rz\u0151i, biztos\u00edtva azok zavartalan m\u0171k\u00f6d\u00e9s\u00e9t \u00e9s hossz\u00fa \u00e9lettartam\u00e1t.<\/p>\n<h4 data-sourcepos=\"5:1-5:70\"><strong>K\u00e9pzelje el \u0151ket p\u00e1nc\u00e9lk\u00e9nt, amely sz\u00e1mos el\u0151nyt k\u00edn\u00e1l:<\/strong><\/h4>\n<ul data-sourcepos=\"7:1-9:35\">\n<li data-sourcepos=\"7:1-7:128\"><strong>Tart\u00f3ss\u00e1g:<\/strong> Ellen\u00e1ll a fizikai behat\u00e1soknak, a pornak, a nedvess\u00e9gnek \u00e9s a korr\u00f3zi\u00f3nak, \u00edgy v\u00e9di az elektronik\u00e1t a zord k\u00f6rnyezetben.<\/li>\n<li data-sourcepos=\"8:1-8:138\"><strong>Elektrom\u00e1gneses interferencia (EMI) \u00e1rny\u00e9kol\u00e1s:<\/strong> Blokkolja a nem k\u00edv\u00e1nt elektrom\u00e1gneses jeleket, amelyek megzavarhatj\u00e1k az eszk\u00f6z\u00f6k m\u0171k\u00f6d\u00e9s\u00e9t.<\/li>\n<li data-sourcepos=\"9:1-9:35\"><strong>H\u0151elvezet\u00e9s:<\/strong> Hat\u00e9konyan kezeli az elektronikus alkatr\u00e9szek \u00e1ltal termelt h\u0151t, megel\u0151zve a t\u00falmeleged\u00e9st \u00e9s a meghib\u00e1sod\u00e1sokat.<\/li>\n<li data-sourcepos=\"10:1-11:0\"><strong>Szakmai megjelen\u00e9s:<\/strong> Fokozza projektjei eszt\u00e9tik\u00e1j\u00e1t eleg\u00e1ns \u00e9s professzion\u00e1lis megjelen\u00e9ssel.<\/li>\n<\/ul>\n<h4 data-sourcepos=\"12:1-12:161\"><strong>A f\u00e9mburkolatok az \u00d6n egyedi ig\u00e9nyeihez igazod\u00f3 form\u00e1k, m\u00e9retek \u00e9s konfigur\u00e1ci\u00f3k sz\u00e9les sk\u00e1l\u00e1j\u00e1val \u00e1llnak rendelkez\u00e9sre. \u00cdme, egy kis betekint\u00e9s a v\u00e1ltozatos felhaszn\u00e1l\u00e1si ter\u00fcleteikbe:<\/strong><\/h4>\n<ul data-sourcepos=\"14:1-16:129\">\n<li data-sourcepos=\"14:1-14:121\"><strong>Ipari automatiz\u00e1l\u00e1s:<\/strong> Vez\u00e9rl\u0151panelek, \u00e9rz\u00e9kel\u0151k \u00e9s egy\u00e9b berendez\u00e9sek elhelyez\u00e9se a gy\u00e1ri padl\u00f3kon \u00e9s gy\u00e1rt\u00f3sorokon.<\/li>\n<li data-sourcepos=\"15:1-15:114\"><strong>Sz\u00f3rakoztat\u00f3 elektronika:<\/strong> A telev\u00edzi\u00f3k, j\u00e1t\u00e9kkonzolok \u00e9s audioberendez\u00e9sek \u00e9rz\u00e9keny alkatr\u00e9szeinek v\u00e9delme.<\/li>\n<li data-sourcepos=\"16:1-16:129\"><strong>T\u00e1vk\u00f6zl\u00e9s:<\/strong> H\u00e1l\u00f3zati \u00fatv\u00e1laszt\u00f3k, kapcsol\u00f3k \u00e9s egy\u00e9b kommunik\u00e1ci\u00f3s eszk\u00f6z\u00f6k v\u00e9delme a megb\u00edzhat\u00f3 jel\u00e1tvitel \u00e9rdek\u00e9ben.<\/li>\n<li data-sourcepos=\"17:1-17:118\"><strong>Orvosi berendez\u00e9sek:<\/strong> Biztons\u00e1gos \u00e9s tiszta k\u00f6rnyezet biztos\u00edt\u00e1sa a k\u00f3rh\u00e1zakban \u00e9s klinik\u00e1kon haszn\u00e1lt orvosi m\u0171szerek sz\u00e1m\u00e1ra.<\/li>\n<li data-sourcepos=\"18:1-19:0\"><strong>Tudom\u00e1nyos kutat\u00e1s:<\/strong> Laborat\u00f3riumokban \u00e9s kutat\u00e1si l\u00e9tes\u00edtm\u00e9nyekben haszn\u00e1lt \u00e9rt\u00e9kes m\u0171szerek v\u00e9delme.<\/li>\n<\/ul>\n<h4 data-sourcepos=\"20:1-20:89\"><strong>A megfelel\u0151 f\u00e9mburkolat kiv\u00e1laszt\u00e1sa t\u00f6bb t\u00e9nyez\u0151 gondos m\u00e9rlegel\u00e9s\u00e9t ig\u00e9nyli:<\/strong><\/h4>\n<ul data-sourcepos=\"22:1-27:0\">\n<li data-sourcepos=\"22:1-22:123\"><strong>Anyag:<\/strong> V\u00e1lasszon alum\u00edniumot a s\u00faly \u00e9s az er\u0151 egyens\u00falya \u00e9rdek\u00e9ben, vagy rozsdamentes ac\u00e9lt a kiv\u00e1l\u00f3 korr\u00f3zi\u00f3\u00e1ll\u00f3s\u00e1g \u00e9rdek\u00e9ben.<\/li>\n<li data-sourcepos=\"23:1-23:135\"><strong>M\u00e9ret \u00e9s forma:<\/strong> Gy\u0151z\u0151dj\u00f6n meg arr\u00f3l, hogy a h\u00e1z k\u00e9nyelmesen elf\u00e9rnek az alkatr\u00e9szek, \u00e9s lehet\u0151v\u00e9 teszi a megfelel\u0151 szell\u0151z\u00e9st \u00e9s a k\u00e1belekhez val\u00f3 hozz\u00e1f\u00e9r\u00e9st.<\/li>\n<li data-sourcepos=\"24:1-24:145\"><strong>IP-besorol\u00e1s:<\/strong> V\u00e1lasszon megfelel\u0151 IP (Ingress Protection) v\u00e9detts\u00e9gi besorol\u00e1s\u00fa k\u00e9sz\u00fcl\u00e9kh\u00e1zat, hogy ellen\u00e1lljon a por- \u00e9s v\u00edzhat\u00e1snak az \u00d6n k\u00f6rnyezet\u00e9ben.<\/li>\n<li data-sourcepos=\"25:1-25:123\"><strong>Szerel\u00e9si lehet\u0151s\u00e9gek:<\/strong> Gondolja \u00e1t, hogyan fogja felszerelni a szekr\u00e9nyt (falra, asztali vagy rackbe szerelhet\u0151) a helykihaszn\u00e1l\u00e1s optimaliz\u00e1l\u00e1sa \u00e9rdek\u00e9ben.<\/li>\n<li data-sourcepos=\"26:1-27:0\"><strong>Testreszab\u00e1s:<\/strong> Fedezze fel az el\u0151re m\u00f3dos\u00edtott vagy teljesen testreszabhat\u00f3 burkolatokat, hogy t\u00f6k\u00e9letesen megfeleljenek a projekt k\u00f6vetelm\u00e9nyeinek.<\/li>\n<\/ul>","protected":false},"excerpt":{"rendered":"<p>A kiv\u00e1l\u00f3 min\u0151s\u00e9g\u0171 f\u00e9mh\u00e1zakba val\u00f3 befektet\u00e9ssel nemcsak az elektronik\u00e1t v\u00e9di, hanem egy megb\u00edzhat\u00f3, hat\u00e9kony \u00e9s professzion\u00e1lis elektronikai rendszer alapjait is lefekteti.<\/p>","protected":false},"featured_media":1698,"template":"","meta":[],"product_cat":[38],"product_tag":[],"_links":{"self":[{"href":"https:\/\/thepcba.com\/hu\/wp-json\/wp\/v2\/product\/1697"}],"collection":[{"href":"https:\/\/thepcba.com\/hu\/wp-json\/wp\/v2\/product"}],"about":[{"href":"https:\/\/thepcba.com\/hu\/wp-json\/wp\/v2\/types\/product"}],"wp:featuredmedia":[{"embeddable":true,"href":"https:\/\/thepcba.com\/hu\/wp-json\/wp\/v2\/media\/1698"}],"wp:attachment":[{"href":"https:\/\/thepcba.com\/hu\/wp-json\/wp\/v2\/media?parent=1697"}],"wp:term":[{"taxonomy":"product_cat","embeddable":true,"href":"https:\/\/thepcba.com\/hu\/wp-json\/wp\/v2\/product_cat?post=1697"},{"taxonomy":"product_tag","embeddable":true,"href":"https:\/\/thepcba.com\/hu\/wp-json\/wp\/v2\/product_tag?post=1697"}],"curies":[{"name":"wp","href":"https:\/\/api.w.org\/{rel}","templated":true}]}}