{"id":1692,"date":"2024-07-16T08:13:36","date_gmt":"2024-07-16T08:13:36","guid":{"rendered":"https:\/\/thepcba.com\/?post_type=product&#038;p=1692"},"modified":"2024-07-16T08:18:04","modified_gmt":"2024-07-16T08:18:04","slug":"wall-mount-enclosure","status":"publish","type":"product","link":"https:\/\/thepcba.com\/hu\/manufacturer\/wall-mount-enclosure\/","title":{"rendered":"Falra szerelhet\u0151 burkolat"},"content":{"rendered":"<p data-sourcepos=\"3:1-3:339\">Az elektronika vil\u00e1g\u00e1ban a hely gyakran \u00e9rt\u00e9kes \u00e1rucikk. Itt j\u00f6nnek a k\u00e9pbe a falra szerelhet\u0151 burkolatok, amelyek helytakar\u00e9kos megold\u00e1st k\u00edn\u00e1lnak az alapvet\u0151 fontoss\u00e1g\u00fa berendez\u00e9sek v\u00e9delm\u00e9re. Ezeket a jellemz\u0151en robusztus anyagokb\u00f3l, p\u00e9ld\u00e1ul ac\u00e9lb\u00f3l vagy alum\u00edniumb\u00f3l k\u00e9sz\u00fclt h\u00e1zakat \u00fagy tervezt\u00e9k, hogy biztons\u00e1gosan, k\u00f6zvetlen\u00fcl a falra szerelhet\u0151k legyenek, \u00edgy maximaliz\u00e1lva az alapter\u00fcletet.<\/p>\n<h4 data-sourcepos=\"5:1-5:89\"><strong>Gondoljon r\u00e1juk \u00fagy, mint egy szuperh\u0151sk\u00f6penyre az elektronik\u00e1hoz, amely alapvet\u0151 el\u0151ny\u00f6ket biztos\u00edt:<\/strong><\/h4>\n<ul data-sourcepos=\"7:1-8:79\">\n<li data-sourcepos=\"7:1-7:134\"><strong>T\u00e9roptimaliz\u00e1l\u00e1s:<\/strong> Szabad\u00edtson fel \u00e9rt\u00e9kes alapter\u00fcletet a k\u00f6zvetlen\u00fcl a falra t\u00f6rt\u00e9n\u0151 felszerel\u00e9ssel, amely ide\u00e1lis sz\u0171k\u00f6s k\u00f6rnyezetben.<\/li>\n<li data-sourcepos=\"8:1-8:79\"><strong>Hozz\u00e1f\u00e9rhet\u0151s\u00e9g:<\/strong> Karbantart\u00e1s vagy \u00fczemeltet\u00e9s c\u00e9lj\u00e1b\u00f3l k\u00f6nny\u0171 hozz\u00e1f\u00e9r\u00e9st biztos\u00edt a berendez\u00e9shez.<\/li>\n<li data-sourcepos=\"9:1-9:98\"><strong>V\u00e9delem:<\/strong> V\u00e9dje meg elektronik\u00e1j\u00e1t a port\u00f3l, nedvess\u00e9gt\u0151l, fizikai behat\u00e1sokt\u00f3l \u00e9s manipul\u00e1ci\u00f3t\u00f3l.<\/li>\n<li data-sourcepos=\"10:1-11:0\"><strong>Szervezet:<\/strong> Tartsa az elektromos alkatr\u00e9szeket rendezetten \u00e9s ne legyenek \u00fatban, el\u0151seg\u00edtve a tiszta \u00e9s professzion\u00e1lis eszt\u00e9tik\u00e1t.<\/li>\n<\/ul>\n<h4 data-sourcepos=\"12:1-12:141\"><strong>A falra szerelhet\u0151 szekr\u00e9nyek k\u00fcl\u00f6nb\u00f6z\u0151 m\u00e9retekben \u00e9s konfigur\u00e1ci\u00f3kban kaphat\u00f3k, hogy megfeleljenek az \u00d6n egyedi ig\u00e9nyeinek. \u00cdme n\u00e9h\u00e1ny gyakori alkalmaz\u00e1s:<\/strong><\/h4>\n<ul data-sourcepos=\"14:1-16:58\">\n<li data-sourcepos=\"14:1-14:110\"><strong>Ipari automatiz\u00e1l\u00e1s:<\/strong> Vez\u00e9rl\u0151panelek, h\u00e1l\u00f3zati kapcsol\u00f3k \u00e9s egy\u00e9b berendez\u00e9sek h\u00e1zai gy\u00e1rakban.<\/li>\n<li data-sourcepos=\"15:1-15:122\"><strong>T\u00e1vk\u00f6zl\u00e9s:<\/strong> H\u00e1l\u00f3zati routerek, modemek \u00e9s egy\u00e9b kommunik\u00e1ci\u00f3s eszk\u00f6z\u00f6k v\u00e9delme irod\u00e1kban \u00e9s adatk\u00f6zpontokban.<\/li>\n<li data-sourcepos=\"16:1-16:58\"><strong>\u00c9p\u00fcletir\u00e1ny\u00edt\u00e1si rendszerek:<\/strong> Termoszt\u00e1tok, biztons\u00e1gi panelek \u00e9s egy\u00e9b \u00e9p\u00fcletvez\u00e9rl\u0151 rendszerek v\u00e9delme.<\/li>\n<li data-sourcepos=\"17:1-17:137\"><strong>Audi\u00f3\/vizu\u00e1lis berendez\u00e9sek:<\/strong> Projektorok, hangrendszer-elemek \u00e9s egy\u00e9b AV-berendez\u00e9sek felszerel\u00e9se konferenciatermekben vagy el\u0151ad\u00f3termekben.<\/li>\n<li data-sourcepos=\"18:1-19:0\"><strong>Biztons\u00e1gi rendszerek:<\/strong> Biztons\u00e1gi kamer\u00e1k, riaszt\u00f3panelek \u00e9s egy\u00e9b biztons\u00e1gi berendez\u00e9sek elhelyez\u00e9se.<\/li>\n<\/ul>\n<h4 data-sourcepos=\"20:1-20:94\"><strong>A megfelel\u0151 falra szerelhet\u0151 k\u00e9sz\u00fcl\u00e9kh\u00e1z kiv\u00e1laszt\u00e1s\u00e1hoz t\u00f6bb t\u00e9nyez\u0151 gondos m\u00e9rlegel\u00e9se sz\u00fcks\u00e9ges:<\/strong><\/h4>\n<ul data-sourcepos=\"22:1-26:0\">\n<li data-sourcepos=\"22:1-22:106\"><strong>M\u00e9ret \u00e9s s\u00faly:<\/strong> V\u00e1lasszon olyan burkolatot, amely megfelel\u0151en el tudja l\u00e1tni a berendez\u00e9s\u00e9t \u00e9s annak s\u00faly\u00e1t.<\/li>\n<li data-sourcepos=\"23:1-23:104\"><strong>Anyag:<\/strong> V\u00e1lasszon ac\u00e9lt az er\u0151ss\u00e9g \u00e9s tart\u00f3ss\u00e1g \u00e9rdek\u00e9ben, vagy adott esetben alum\u00edniumot a s\u00falycs\u00f6kkent\u00e9s \u00e9rdek\u00e9ben.<\/li>\n<li data-sourcepos=\"24:1-24:134\"><strong>IP-besorol\u00e1s:<\/strong> Porral vagy nedvess\u00e9ggel kapcsolatos probl\u00e9m\u00e1k eset\u00e9n v\u00e1lasszon megfelel\u0151 IP (Ingress Protection) v\u00e9detts\u00e9g\u0171 burkolatot.<\/li>\n<li data-sourcepos=\"25:1-26:0\"><strong>Szell\u0151z\u00e9s:<\/strong> Fontolja meg a szell\u0151z\u0151ny\u00edl\u00e1sokkal vagy ventil\u00e1torokkal ell\u00e1tott burkolatok haszn\u00e1lat\u00e1t, ha a h\u0151elvezet\u00e9s gondot jelent a berendez\u00e9s sz\u00e1m\u00e1ra.<\/li>\n<\/ul>","protected":false},"excerpt":{"rendered":"<p>Egy megfelel\u0151 fali k\u00e9sz\u00fcl\u00e9kh\u00e1zba val\u00f3 befektet\u00e9ssel nem csak helyet takar\u00edt meg, hanem biztons\u00e1gos \u00e9s v\u00e9dett otthont biztos\u00edt alapvet\u0151 fontoss\u00e1g\u00fa elektronikus berendez\u00e9sei sz\u00e1m\u00e1ra, el\u0151seg\u00edtve a hat\u00e9kony m\u0171k\u00f6d\u00e9st \u00e9s a tiszta, rendezett munkak\u00f6rnyezetet.<\/p>","protected":false},"featured_media":1693,"template":"","meta":[],"product_cat":[38],"product_tag":[],"_links":{"self":[{"href":"https:\/\/thepcba.com\/hu\/wp-json\/wp\/v2\/product\/1692"}],"collection":[{"href":"https:\/\/thepcba.com\/hu\/wp-json\/wp\/v2\/product"}],"about":[{"href":"https:\/\/thepcba.com\/hu\/wp-json\/wp\/v2\/types\/product"}],"wp:featuredmedia":[{"embeddable":true,"href":"https:\/\/thepcba.com\/hu\/wp-json\/wp\/v2\/media\/1693"}],"wp:attachment":[{"href":"https:\/\/thepcba.com\/hu\/wp-json\/wp\/v2\/media?parent=1692"}],"wp:term":[{"taxonomy":"product_cat","embeddable":true,"href":"https:\/\/thepcba.com\/hu\/wp-json\/wp\/v2\/product_cat?post=1692"},{"taxonomy":"product_tag","embeddable":true,"href":"https:\/\/thepcba.com\/hu\/wp-json\/wp\/v2\/product_tag?post=1692"}],"curies":[{"name":"wp","href":"https:\/\/api.w.org\/{rel}","templated":true}]}}