{"id":1689,"date":"2024-07-16T08:07:52","date_gmt":"2024-07-16T08:07:52","guid":{"rendered":"https:\/\/thepcba.com\/?post_type=product&#038;p=1689"},"modified":"2024-07-16T08:09:51","modified_gmt":"2024-07-16T08:09:51","slug":"instrument-enclosure","status":"publish","type":"product","link":"https:\/\/thepcba.com\/hu\/manufacturer\/instrument-enclosure\/","title":{"rendered":"M\u0171szerh\u00e1z"},"content":{"rendered":"<p data-sourcepos=\"3:1-3:244\">A m\u0171szerh\u00e1z a tudom\u00e1nyos \u00e9s ipari vil\u00e1g meg nem \u00e9nekelt h\u0151se. Ez egy v\u00e9d\u0151h\u00e1z, amely \u00e1ltal\u00e1ban robusztus anyagokb\u00f3l, p\u00e9ld\u00e1ul alum\u00edniumb\u00f3l vagy rozsdamentes ac\u00e9lb\u00f3l k\u00e9sz\u00fcl, \u00e9s arra szolg\u00e1l, hogy megv\u00e9dje \u00e9rt\u00e9kes m\u0171szereit a s\u00e9r\u00fcl\u00e9sekt\u0151l.<\/p>\n<h4 data-sourcepos=\"5:1-5:79\"><strong>Gondoljon r\u00e1 \u00fagy, mint a felszerel\u00e9se test\u0151r\u00e9re, amely alapvet\u0151 el\u0151ny\u00f6ket k\u00edn\u00e1l:<\/strong><\/h4>\n<ul data-sourcepos=\"7:1-9:96\">\n<li data-sourcepos=\"7:1-7:136\"><strong>Tart\u00f3ss\u00e1g:<\/strong> Ellen\u00e1ll a fizikai behat\u00e1soknak, a pornak \u00e9s a nedvess\u00e9gnek, biztos\u00edtva a m\u0171szerek hib\u00e1tlan m\u0171k\u00f6d\u00e9s\u00e9t a k\u00fcl\u00f6nb\u00f6z\u0151 k\u00f6rnyezetekben.<\/li>\n<li data-sourcepos=\"8:1-8:127\"><strong>K\u00f6rnyezetv\u00e9delem:<\/strong> G\u00e1tat k\u00e9pez a zord k\u00f6r\u00fclm\u00e9nyekkel szemben, meghosszabb\u00edtva a k\u00e9nyes berendez\u00e9sek \u00e9lettartam\u00e1t.<\/li>\n<li data-sourcepos=\"9:1-9:96\"><strong>H\u0151m\u00e9rs\u00e9kletszab\u00e1lyoz\u00e1s:<\/strong> Seg\u00edt fenntartani a m\u0171szerek optim\u00e1lis m\u0171k\u00f6d\u00e9si h\u0151m\u00e9rs\u00e9klet\u00e9t, k\u00fcl\u00f6n\u00f6sen a h\u0151\u00e9rz\u00e9keny alkatr\u00e9szek eset\u00e9ben.<\/li>\n<li data-sourcepos=\"10:1-11:0\"><strong>Elektrom\u00e1gneses interferencia (EMI) \u00e1rny\u00e9kol\u00e1s:<\/strong> Blokkolja a nem k\u00edv\u00e1nt elektrom\u00e1gneses jeleket, amelyek megzavarhatj\u00e1k a m\u0171szerek m\u0171k\u00f6d\u00e9s\u00e9t.<\/li>\n<\/ul>\n<h4 data-sourcepos=\"12:1-12:149\"><strong>A m\u0171szerh\u00e1zak sokf\u00e9le form\u00e1ban, m\u00e9retben \u00e9s konfigur\u00e1ci\u00f3ban kaphat\u00f3k, hogy megfeleljenek az \u00d6n egyedi ig\u00e9nyeinek. \u00cdme n\u00e9h\u00e1ny gyakori alkalmaz\u00e1s:<\/strong><\/h4>\n<ul data-sourcepos=\"14:1-15:95\">\n<li data-sourcepos=\"14:1-14:116\"><strong>Ipari automatiz\u00e1l\u00e1s:<\/strong> Vez\u00e9rl\u0151panelek, \u00e9rz\u00e9kel\u0151k \u00e9s egy\u00e9b berendez\u00e9sek elhelyez\u00e9se gy\u00e1rakban \u00e9s gy\u00e1rt\u00f3sorokon.<\/li>\n<li data-sourcepos=\"15:1-15:95\"><strong>Laborat\u00f3riumok \u00e9s kutat\u00e1si l\u00e9tes\u00edtm\u00e9nyek:<\/strong> A kutat\u00e1s \u00e9s fejleszt\u00e9s sor\u00e1n haszn\u00e1lt \u00e9rz\u00e9keny tudom\u00e1nyos eszk\u00f6z\u00f6k v\u00e9delme.<\/li>\n<li data-sourcepos=\"16:1-16:114\"><strong>Orvosi berendez\u00e9sek:<\/strong> Biztons\u00e1gos \u00e9s tiszta k\u00f6rnyezet biztos\u00edt\u00e1sa a k\u00f3rh\u00e1zakban \u00e9s klinik\u00e1kon haszn\u00e1lt orvosi eszk\u00f6z\u00f6k sz\u00e1m\u00e1ra.<\/li>\n<li data-sourcepos=\"17:1-18:0\"><strong>Terepi alkalmaz\u00e1sok:<\/strong> Robusztus v\u00e9delmet ny\u00fajt a k\u00fclt\u00e9ri k\u00f6rnyezetben haszn\u00e1lt m\u0171szerek, p\u00e9ld\u00e1ul id\u0151j\u00e1r\u00e1s-\u00e1llom\u00e1sok vagy k\u00f6rnyezetfigyel\u0151 berendez\u00e9sek sz\u00e1m\u00e1ra.<\/li>\n<\/ul>\n<h4 data-sourcepos=\"19:1-19:94\"><strong>A megfelel\u0151 m\u0171szerh\u00e1z kiv\u00e1laszt\u00e1sa t\u00f6bb t\u00e9nyez\u0151 gondos m\u00e9rlegel\u00e9s\u00e9t ig\u00e9nyli:<\/strong><\/h4>\n<ul data-sourcepos=\"21:1-25:0\">\n<li data-sourcepos=\"21:1-21:135\"><strong>M\u00e9ret \u00e9s forma:<\/strong> Gy\u0151z\u0151dj\u00f6n meg r\u00f3la, hogy a k\u00e9sz\u00fcl\u00e9kh\u00e1z k\u00e9nyelmesen elf\u00e9r a m\u0171szerben, \u00e9s lehet\u0151v\u00e9 teszi a megfelel\u0151 szell\u0151z\u00e9st \u00e9s a k\u00e1belekhez val\u00f3 hozz\u00e1f\u00e9r\u00e9st.<\/li>\n<li data-sourcepos=\"22:1-22:120\"><strong>Anyag:<\/strong> V\u00e1lasszon olyan anyagot, mint az alum\u00ednium a s\u00falymegtakar\u00edt\u00e1s \u00e9rdek\u00e9ben, vagy a rozsdamentes ac\u00e9l a kiv\u00e1l\u00f3 korr\u00f3zi\u00f3\u00e1ll\u00f3s\u00e1g \u00e9rdek\u00e9ben.<\/li>\n<li data-sourcepos=\"23:1-23:154\"><strong>IP-besorol\u00e1s:<\/strong> V\u00e1lasszon megfelel\u0151 IP (Ingress Protection) v\u00e9detts\u00e9gi besorol\u00e1s\u00fa k\u00e9sz\u00fcl\u00e9kh\u00e1zat, hogy ellen\u00e1lljon a por- \u00e9s v\u00edzhat\u00e1snak az adott k\u00f6rnyezetben.<\/li>\n<li data-sourcepos=\"24:1-25:0\"><strong>H\u0151m\u00e9rs\u00e9klet-szab\u00e1lyoz\u00e1s:<\/strong> Ha a h\u0151elvezet\u00e9s aggodalomra ad okot, vegye fontol\u00f3ra az olyan h\u0171t\u00e9si funkci\u00f3kat, mint a ventil\u00e1torok vagy szell\u0151z\u0151ny\u00edl\u00e1sok.<\/li>\n<\/ul>","protected":false},"excerpt":{"rendered":"<p>A kiv\u00e1l\u00f3 min\u0151s\u00e9g\u0171 m\u0171szerh\u00e1zba t\u00f6rt\u00e9n\u0151 befektet\u00e9ssel nemcsak a berendez\u00e9seit v\u00e9di, hanem az adatai integrit\u00e1s\u00e1t \u00e9s pontoss\u00e1g\u00e1t is, \u00e9s biztos\u00edtja a kritikus folyamatok zavartalan m\u0171k\u00f6d\u00e9s\u00e9t.<\/p>","protected":false},"featured_media":1690,"template":"","meta":[],"product_cat":[38],"product_tag":[],"_links":{"self":[{"href":"https:\/\/thepcba.com\/hu\/wp-json\/wp\/v2\/product\/1689"}],"collection":[{"href":"https:\/\/thepcba.com\/hu\/wp-json\/wp\/v2\/product"}],"about":[{"href":"https:\/\/thepcba.com\/hu\/wp-json\/wp\/v2\/types\/product"}],"wp:featuredmedia":[{"embeddable":true,"href":"https:\/\/thepcba.com\/hu\/wp-json\/wp\/v2\/media\/1690"}],"wp:attachment":[{"href":"https:\/\/thepcba.com\/hu\/wp-json\/wp\/v2\/media?parent=1689"}],"wp:term":[{"taxonomy":"product_cat","embeddable":true,"href":"https:\/\/thepcba.com\/hu\/wp-json\/wp\/v2\/product_cat?post=1689"},{"taxonomy":"product_tag","embeddable":true,"href":"https:\/\/thepcba.com\/hu\/wp-json\/wp\/v2\/product_tag?post=1689"}],"curies":[{"name":"wp","href":"https:\/\/api.w.org\/{rel}","templated":true}]}}