{"id":2170,"date":"2024-10-07T03:21:52","date_gmt":"2024-10-07T03:21:52","guid":{"rendered":"https:\/\/thepcba.com\/?post_type=product&#038;p=2170"},"modified":"2024-10-07T05:54:01","modified_gmt":"2024-10-07T05:54:01","slug":"connection-terminal","status":"publish","type":"product","link":"https:\/\/thepcba.com\/fr\/manufacturer\/connection-terminal\/","title":{"rendered":"Borne de raccordement"},"content":{"rendered":"<h2 data-sourcepos=\"5:1-5:34\">Types de bornes de connexion :<\/h2>\n<ul data-sourcepos=\"7:1-12:0\">\n<li data-sourcepos=\"7:1-7:97\"><strong>Bornes \u00e0 vis :<\/strong> Le type le plus courant, avec une vis qui serre le conducteur.<\/li>\n<li data-sourcepos=\"8:1-8:74\"><strong>Bornes \u00e0 ressort :<\/strong> Utiliser la tension du ressort pour maintenir le conducteur en place.<\/li>\n<li data-sourcepos=\"9:1-9:111\"><strong>Bornes \u00e0 enfoncer :<\/strong> Ils permettent une connexion rapide et facile en poussant simplement le conducteur dans la borne.<\/li>\n<li data-sourcepos=\"10:1-10:87\"><strong>Bornes \u00e0 sertir :<\/strong> Une pince \u00e0 sertir est n\u00e9cessaire pour fixer le conducteur \u00e0 la borne.<\/li>\n<li data-sourcepos=\"11:1-12:0\"><strong>Bornes \u00e0 souder :<\/strong> Connecter les conducteurs \u00e0 l'aide de soudure.<\/li>\n<\/ul>\n<h2 data-sourcepos=\"13:1-13:41\">Applications des bornes de connexion :<\/h2>\n<ul>\n<li><strong>Panneaux \u00e9lectriques :<\/strong> Connecter les fils aux disjoncteurs et autres composants.<\/li>\n<li><strong style=\"color: #555555; font-size: 14.4px;\">Appareils \u00e9lectroniques :<\/strong><span style=\"color: #555555; font-size: 14.4px;\"> Connecter les composants internes et les c\u00e2bles externes.<\/span><\/li>\n<li><strong style=\"color: #555555; font-size: 14.4px;\">\u00c9quipement industriel :<\/strong><span style=\"color: #555555; font-size: 14.4px;\"> Connecter des moteurs, des capteurs et d'autres dispositifs.<\/span><\/li>\n<li><strong style=\"color: #555555; font-size: 14.4px;\">Syst\u00e8mes automobiles :<\/strong><span style=\"color: #555555; font-size: 14.4px;\"> Connecter les c\u00e2bles aux diff\u00e9rents composants \u00e9lectriques.<\/span><\/li>\n<li><strong style=\"color: #555555; font-size: 14.4px;\">Appareils m\u00e9nagers :<\/strong><span style=\"color: #555555; font-size: 14.4px;\"> Connecter les cordons d'alimentation et les composants internes.<\/span><\/li>\n<\/ul>\n<p>L'installation correcte des bornes de connexion est essentielle pour assurer la s\u00e9curit\u00e9 et la fiabilit\u00e9 des syst\u00e8mes \u00e9lectriques. Consultez les instructions du fabricant ou demandez conseil \u00e0 un professionnel pour des applications sp\u00e9cifiques.<\/p>","protected":false},"excerpt":{"rendered":"<p>Les bornes de connexion sont des composants essentiels des syst\u00e8mes \u00e9lectriques et \u00e9lectroniques. Elles servent de points de jonction o\u00f9 les conducteurs \u00e9lectriques, tels que les fils ou les c\u00e2bles, sont connect\u00e9s \u00e0 d'autres composants ou appareils. Ces bornes garantissent un flux de courant \u00e9lectrique fiable et s\u00fbr.<\/p>\n<h2 data-sourcepos=\"21:1-21:58\">Principaux \u00e9l\u00e9ments \u00e0 prendre en compte lors du choix des bornes de connexion :<\/h2>\n<ul>\n<li><strong>Capacit\u00e9 actuelle :<\/strong> S'assurer que le terminal peut supporter le courant n\u00e9cessaire.<\/li>\n<li><strong>Tension nominale :<\/strong> Choisir des bornes adapt\u00e9es \u00e0 la tension de fonctionnement.<\/li>\n<li><strong>Calibre des fils :<\/strong> Choisissez des bornes compatibles avec le calibre du fil que vous utilisez.<\/li>\n<li><strong>M\u00e9thode d'installation :<\/strong> Tenez compte de la facilit\u00e9 d'installation et des outils n\u00e9cessaires.<\/li>\n<li><strong>Facteurs environnementaux :<\/strong> Si le terminal doit \u00eatre expos\u00e9 \u00e0 des conditions difficiles, choisissez un terminal dot\u00e9 d'une protection appropri\u00e9e.<\/li>\n<\/ul>\n<p>Nous pouvons personnaliser des bornes de diff\u00e9rentes sp\u00e9cifications. Qu'ils soient utilis\u00e9s dans de grandes machines ou aussi petits que sur une carte de circuit imprim\u00e9, nous pouvons fabriquer des terminaux qui r\u00e9pondent \u00e0 vos sp\u00e9cifications. En ce qui concerne les mat\u00e9riaux, nous pouvons galvaniser, utiliser de l'aluminium, du cuivre, etc. selon vos besoins.<\/p>\n<p>&nbsp;<\/p>","protected":false},"featured_media":2171,"template":"","meta":[],"product_cat":[39],"product_tag":[],"_links":{"self":[{"href":"https:\/\/thepcba.com\/fr\/wp-json\/wp\/v2\/product\/2170"}],"collection":[{"href":"https:\/\/thepcba.com\/fr\/wp-json\/wp\/v2\/product"}],"about":[{"href":"https:\/\/thepcba.com\/fr\/wp-json\/wp\/v2\/types\/product"}],"wp:featuredmedia":[{"embeddable":true,"href":"https:\/\/thepcba.com\/fr\/wp-json\/wp\/v2\/media\/2171"}],"wp:attachment":[{"href":"https:\/\/thepcba.com\/fr\/wp-json\/wp\/v2\/media?parent=2170"}],"wp:term":[{"taxonomy":"product_cat","embeddable":true,"href":"https:\/\/thepcba.com\/fr\/wp-json\/wp\/v2\/product_cat?post=2170"},{"taxonomy":"product_tag","embeddable":true,"href":"https:\/\/thepcba.com\/fr\/wp-json\/wp\/v2\/product_tag?post=2170"}],"curies":[{"name":"wp","href":"https:\/\/api.w.org\/{rel}","templated":true}]}}