{"id":2164,"date":"2024-10-07T02:52:11","date_gmt":"2024-10-07T02:52:11","guid":{"rendered":"https:\/\/thepcba.com\/?post_type=product&#038;p=2164"},"modified":"2024-10-07T03:01:47","modified_gmt":"2024-10-07T03:01:47","slug":"data-transfer-cable","status":"publish","type":"product","link":"https:\/\/thepcba.com\/fr\/manufacturer\/data-transfer-cable\/","title":{"rendered":"C\u00e2ble de transfert de donn\u00e9es"},"content":{"rendered":"<h2>C\u00e2ble de transfert de donn\u00e9es personnalisable : Adaptez votre connectivit\u00e9<\/h2>\n<div class=\"auto-hide-last-sibling-br paragraph-u1TS5p paragraph-element br-paragraph-space\">Le c\u00e2ble de transfert de donn\u00e9es est un accessoire indispensable pour tous vos besoins en mati\u00e8re de transfert de donn\u00e9es. Con\u00e7u dans un souci de pr\u00e9cision et de durabilit\u00e9, ce c\u00e2ble permet un transfert de donn\u00e9es fluide et efficace entre diff\u00e9rents appareils.<\/div>\n<div><\/div>\n<div class=\"auto-hide-last-sibling-br paragraph-u1TS5p paragraph-element br-paragraph-space\">Ce qui distingue notre c\u00e2ble, c'est son caract\u00e8re personnalisable. Nous comprenons que chaque utilisateur a des exigences uniques, et c'est pourquoi nous offrons la possibilit\u00e9 de personnaliser votre c\u00e2ble. Que vous ayez besoin d'une longueur sp\u00e9cifique, d'une couleur particuli\u00e8re ou d'un design de connecteur unique, nous pouvons le r\u00e9aliser.<\/div>\n<div><\/div>\n<div class=\"auto-hide-last-sibling-br paragraph-u1TS5p paragraph-element br-paragraph-space\">Notre \u00e9quipe d'experts veille \u00e0 ce que votre c\u00e2ble de transfert de donn\u00e9es personnalis\u00e9 r\u00e9ponde aux normes les plus strictes en mati\u00e8re de qualit\u00e9 et de performance. Nous n'utilisons que les meilleurs mat\u00e9riaux pour garantir la durabilit\u00e9 et la fiabilit\u00e9 du transfert de donn\u00e9es.<\/div>\n<div><\/div>\n<div class=\"auto-hide-last-sibling-br paragraph-u1TS5p paragraph-element br-paragraph-space\">Avec notre c\u00e2ble de transfert de donn\u00e9es personnalisable, vous pouvez personnaliser votre exp\u00e9rience de connectivit\u00e9 et la rendre vraiment v\u00f4tre. Que ce soit pour un usage personnel ou professionnel, ce c\u00e2ble est la solution parfaite pour tous vos besoins en mati\u00e8re de transfert de donn\u00e9es. Am\u00e9liorez votre connectivit\u00e9 d\u00e8s aujourd'hui avec un c\u00e2ble de transfert de donn\u00e9es personnalis\u00e9.<\/div>","protected":false},"excerpt":{"rendered":"<h3 class=\"text-4 text-info mb-200\">Caract\u00e9ristiques principales<\/h3>\n<ul>\n<li>Longueur du c\u00e2ble : <span style=\"color: #333333; font-size: 14.4px;\">4 pieds ou sur mesure<\/span><\/li>\n<li><span style=\"color: #333333; font-size: 14.4px;\">Type de connecteur (extr\u00e9mit\u00e9 1) : <\/span><span style=\"color: #333333; font-size: 14.4px;\">TYPE-C <\/span><\/li>\n<li><span style=\"color: #333333; font-size: 14.4px;\">Type de connecteur (extr\u00e9mit\u00e9 2) : <\/span><span style=\"color: #333333; font-size: 14.4px;\">USB-C ou TYPE-C<\/span><\/li>\n<li><span style=\"color: #333333; font-size: 14.4px;\">Taux de transfert de donn\u00e9es maximum<\/span><span style=\"color: #333333; font-size: 14.4px;\">: 480 m\u00e9gabits par seconde<\/span><\/li>\n<li><span style=\"color: #333333; font-size: 14.4px;\">Mat\u00e9riau : <\/span><span style=\"color: #333333; font-size: 14.4px;\">PVC<\/span><\/li>\n<li>Couleur : noir, blanc ou personnalis\u00e9<\/li>\n<\/ul>\n<div class=\"zebra-row flex p-200 justify-content-between body-copy-lg\"><\/div>","protected":false},"featured_media":2166,"template":"","meta":[],"product_cat":[39],"product_tag":[],"_links":{"self":[{"href":"https:\/\/thepcba.com\/fr\/wp-json\/wp\/v2\/product\/2164"}],"collection":[{"href":"https:\/\/thepcba.com\/fr\/wp-json\/wp\/v2\/product"}],"about":[{"href":"https:\/\/thepcba.com\/fr\/wp-json\/wp\/v2\/types\/product"}],"wp:featuredmedia":[{"embeddable":true,"href":"https:\/\/thepcba.com\/fr\/wp-json\/wp\/v2\/media\/2166"}],"wp:attachment":[{"href":"https:\/\/thepcba.com\/fr\/wp-json\/wp\/v2\/media?parent=2164"}],"wp:term":[{"taxonomy":"product_cat","embeddable":true,"href":"https:\/\/thepcba.com\/fr\/wp-json\/wp\/v2\/product_cat?post=2164"},{"taxonomy":"product_tag","embeddable":true,"href":"https:\/\/thepcba.com\/fr\/wp-json\/wp\/v2\/product_tag?post=2164"}],"curies":[{"name":"wp","href":"https:\/\/api.w.org\/{rel}","templated":true}]}}