{"id":2231,"date":"2024-10-24T09:30:03","date_gmt":"2024-10-24T09:30:03","guid":{"rendered":"https:\/\/thepcba.com\/manufacturer\/cardioline-cardioline-2100-view\/"},"modified":"2024-10-25T03:15:53","modified_gmt":"2024-10-25T03:15:53","slug":"cardioline-cardioline-2100-view","status":"publish","type":"product","link":"https:\/\/thepcba.com\/fi\/manufacturer\/cardioline-cardioline-2100-view\/","title":{"rendered":"Cardioline CARDIOLINE 2100 N\u00e4yt\u00e4"},"content":{"rendered":"","protected":false},"excerpt":{"rendered":"<p>V\u00e4ri: sininen<br \/>\nTyyppi\uff1aNI-MH<br \/>\nAkun merkki: Kiina<br \/>\nJ\u00e4nnite\uff1a12V<br \/>\nKapasiteetti\uff1a2000mAh<br \/>\nPaino: 350g<br \/>\nKoko: 91*30*42mm<\/p>","protected":false},"featured_media":2270,"template":"","meta":[],"product_cat":[40],"product_tag":[],"_links":{"self":[{"href":"https:\/\/thepcba.com\/fi\/wp-json\/wp\/v2\/product\/2231"}],"collection":[{"href":"https:\/\/thepcba.com\/fi\/wp-json\/wp\/v2\/product"}],"about":[{"href":"https:\/\/thepcba.com\/fi\/wp-json\/wp\/v2\/types\/product"}],"wp:featuredmedia":[{"embeddable":true,"href":"https:\/\/thepcba.com\/fi\/wp-json\/wp\/v2\/media\/2270"}],"wp:attachment":[{"href":"https:\/\/thepcba.com\/fi\/wp-json\/wp\/v2\/media?parent=2231"}],"wp:term":[{"taxonomy":"product_cat","embeddable":true,"href":"https:\/\/thepcba.com\/fi\/wp-json\/wp\/v2\/product_cat?post=2231"},{"taxonomy":"product_tag","embeddable":true,"href":"https:\/\/thepcba.com\/fi\/wp-json\/wp\/v2\/product_tag?post=2231"}],"curies":[{"name":"wp","href":"https:\/\/api.w.org\/{rel}","templated":true}]}}