{"id":2164,"date":"2024-10-07T02:52:11","date_gmt":"2024-10-07T02:52:11","guid":{"rendered":"https:\/\/thepcba.com\/?post_type=product&#038;p=2164"},"modified":"2024-10-07T03:01:47","modified_gmt":"2024-10-07T03:01:47","slug":"data-transfer-cable","status":"publish","type":"product","link":"https:\/\/thepcba.com\/fi\/manufacturer\/data-transfer-cable\/","title":{"rendered":"Tiedonsiirtokaapeli"},"content":{"rendered":"<h2>Mukautettava tiedonsiirtokaapeli: R\u00e4\u00e4t\u00e4l\u00f6i liitett\u00e4vyytesi<\/h2>\n<div class=\"auto-hide-last-sibling-br paragraph-u1TS5p paragraph-element br-paragraph-space\">Tiedonsiirtokaapeli on v\u00e4ltt\u00e4m\u00e4t\u00f6n lis\u00e4varuste kaikkiin tiedonsiirtotarpeisiisi. Tarkkuutta ja kest\u00e4vyytt\u00e4 silm\u00e4ll\u00e4 pit\u00e4en valmistettu kaapeli tarjoaa saumattoman ja tehokkaan tiedonsiirron eri laitteiden v\u00e4lill\u00e4.<\/div>\n<div><\/div>\n<div class=\"auto-hide-last-sibling-br paragraph-u1TS5p paragraph-element br-paragraph-space\">Kaapelimme erottuu muista sen muokattavuus. Ymm\u00e4rr\u00e4mme, ett\u00e4 jokaisella k\u00e4ytt\u00e4j\u00e4ll\u00e4 on yksil\u00f6lliset vaatimukset, ja siksi tarjoamme mahdollisuuden r\u00e4\u00e4t\u00e4l\u00f6id\u00e4 kaapelisi. Tarvitsetpa sitten tietyn pituuden, tietyn v\u00e4rin tai ainutlaatuisen liitinmallin, me voimme toteuttaa sen.<\/div>\n<div><\/div>\n<div class=\"auto-hide-last-sibling-br paragraph-u1TS5p paragraph-element br-paragraph-space\">Asiantuntijatiimimme on sitoutunut varmistamaan, ett\u00e4 mukautettu tiedonsiirtokaapelisi t\u00e4ytt\u00e4\u00e4 korkeimmat laatu- ja suorituskykyvaatimukset. K\u00e4yt\u00e4mme vain parhaita materiaaleja kest\u00e4vyyden ja luotettavan tiedonsiirron varmistamiseksi.<\/div>\n<div><\/div>\n<div class=\"auto-hide-last-sibling-br paragraph-u1TS5p paragraph-element br-paragraph-space\">Mukautettavan tiedonsiirtokaapelimme avulla voit muokata liit\u00e4nt\u00e4kokemustasi yksil\u00f6lliseksi ja tehd\u00e4 siit\u00e4 t\u00e4ysin omanlaisesi. T\u00e4m\u00e4 kaapeli on t\u00e4ydellinen ratkaisu kaikkiin tiedonsiirtotarpeisiisi, olipa kyse sitten henkil\u00f6kohtaisesta tai ammatillisesta k\u00e4yt\u00f6st\u00e4. P\u00e4ivit\u00e4 yhteytesi jo t\u00e4n\u00e4\u00e4n mukautetulla tiedonsiirtokaapelilla.<\/div>","protected":false},"excerpt":{"rendered":"<h3 class=\"text-4 text-info mb-200\">T\u00e4rkeimm\u00e4t tiedot<\/h3>\n<ul>\n<li>Kaapelin pituus: <span style=\"color: #333333; font-size: 14.4px;\">4 jalkaa tai mukautettu<\/span><\/li>\n<li><span style=\"color: #333333; font-size: 14.4px;\">Liitintyyppi (p\u00e4\u00e4 1): <\/span><span style=\"color: #333333; font-size: 14.4px;\">TYPE-C <\/span><\/li>\n<li><span style=\"color: #333333; font-size: 14.4px;\">Liitintyyppi (p\u00e4\u00e4 2): <\/span><span style=\"color: #333333; font-size: 14.4px;\">USB-C tai TYPE-C<\/span><\/li>\n<li><span style=\"color: #333333; font-size: 14.4px;\">Suurin tiedonsiirtonopeus<\/span><span style=\"color: #333333; font-size: 14.4px;\">: 480 megabitti\u00e4 sekunnissa<\/span><\/li>\n<li><span style=\"color: #333333; font-size: 14.4px;\">Materiaali: <\/span><span style=\"color: #333333; font-size: 14.4px;\">PVC<\/span><\/li>\n<li>V\u00e4ri: Musta, valkoinen tai mukautettu<\/li>\n<\/ul>\n<div class=\"zebra-row flex p-200 justify-content-between body-copy-lg\"><\/div>","protected":false},"featured_media":2166,"template":"","meta":[],"product_cat":[39],"product_tag":[],"_links":{"self":[{"href":"https:\/\/thepcba.com\/fi\/wp-json\/wp\/v2\/product\/2164"}],"collection":[{"href":"https:\/\/thepcba.com\/fi\/wp-json\/wp\/v2\/product"}],"about":[{"href":"https:\/\/thepcba.com\/fi\/wp-json\/wp\/v2\/types\/product"}],"wp:featuredmedia":[{"embeddable":true,"href":"https:\/\/thepcba.com\/fi\/wp-json\/wp\/v2\/media\/2166"}],"wp:attachment":[{"href":"https:\/\/thepcba.com\/fi\/wp-json\/wp\/v2\/media?parent=2164"}],"wp:term":[{"taxonomy":"product_cat","embeddable":true,"href":"https:\/\/thepcba.com\/fi\/wp-json\/wp\/v2\/product_cat?post=2164"},{"taxonomy":"product_tag","embeddable":true,"href":"https:\/\/thepcba.com\/fi\/wp-json\/wp\/v2\/product_tag?post=2164"}],"curies":[{"name":"wp","href":"https:\/\/api.w.org\/{rel}","templated":true}]}}