{"id":1700,"date":"2024-07-16T08:29:25","date_gmt":"2024-07-16T08:29:25","guid":{"rendered":"https:\/\/thepcba.com\/?post_type=product&#038;p=1700"},"modified":"2024-07-16T08:30:13","modified_gmt":"2024-07-16T08:30:13","slug":"custom-metal-enclosures","status":"publish","type":"product","link":"https:\/\/thepcba.com\/fi\/manufacturer\/custom-metal-enclosures\/","title":{"rendered":"Mukautetut metallikotelot"},"content":{"rendered":"<p data-sourcepos=\"3:1-3:306\">Elektroniikan alalla, jossa innovaatiot hallitsevat, standardiratkaisut j\u00e4\u00e4v\u00e4t usein vajaiksi. Juuri t\u00e4ss\u00e4 kohtaa r\u00e4\u00e4t\u00e4l\u00f6idyt metallikotelot tulevat kuvioihin, jotka sopivat t\u00e4ydellisesti ainutlaatuisiin elektronisiin luomuksiisi. N\u00e4m\u00e4 kotelot, jotka on valmistettu huolellisesti kest\u00e4vist\u00e4 materiaaleista, kuten alumiinista tai ruostumattomasta ter\u00e4ksest\u00e4, suunnitellaan ja valmistetaan t\u00e4sm\u00e4lleen sinun vaatimustesi mukaan.<\/p>\n<h4 data-sourcepos=\"5:1-5:91\"><strong>Ajattele, ett\u00e4 ne ovat kuin elektroniikallesi r\u00e4\u00e4t\u00e4l\u00f6ity puku, joka tarjoaa useita etuja:<\/strong><\/h4>\n<ul data-sourcepos=\"7:1-7:13\">\n<li data-sourcepos=\"7:1-7:13\"><strong>Verraton tarkkuus:<\/strong> T\u00e4ydelliset mitat ja kokoonpanot takaavat elektronisten komponenttien saumattoman integroinnin.<\/li>\n<li data-sourcepos=\"8:1-8:102\"><strong>Parannettu toiminnallisuus:<\/strong> Suorituskyvyn optimoimiseksi suunnittelussa on tuuletusaukkoja, leikkauksia ja integroituja kiinnityspisteit\u00e4.<\/li>\n<li data-sourcepos=\"9:1-9:128\"><strong>Verraton suojaus:<\/strong> Suojaa herkk\u00e4 elektroniikkasi fyysisilt\u00e4 iskuilta, p\u00f6lylt\u00e4, kosteudelta ja EMI-h\u00e4iri\u00f6ilt\u00e4.<\/li>\n<li data-sourcepos=\"10:1-11:0\"><strong>Ammattimainen estetiikka:<\/strong> Ilmaise br\u00e4ndisi identiteetti\u00e4 tyylikk\u00e4\u00e4ll\u00e4, r\u00e4\u00e4t\u00e4l\u00f6idyll\u00e4 kotelolla, joka t\u00e4ydent\u00e4\u00e4 elektroniikkaasi.<\/li>\n<\/ul>\n<h4 data-sourcepos=\"12:1-12:111\"><strong>R\u00e4\u00e4t\u00e4l\u00f6idyt metallikotelot soveltuvat monenlaisiin elektroniikkasovelluksiin, joita vain mielikuvituksesi rajoittaa:<\/strong><\/h4>\n<ul data-sourcepos=\"14:1-14:123\">\n<li data-sourcepos=\"14:1-14:123\"><strong>Prototyyppien luominen ja kehitt\u00e4minen:<\/strong> Luo prototyypeillesi toimivia koteloita, jotka nopeuttavat kehitysprosessia.<\/li>\n<li data-sourcepos=\"15:1-15:117\"><strong>Teollisuusautomaatio:<\/strong> Suunnittele r\u00e4\u00e4t\u00e4l\u00f6ityj\u00e4 koteloita ohjauspaneeleille, antureille ja muille tehtaiden laitteille.<\/li>\n<li data-sourcepos=\"16:1-16:106\"><strong>L\u00e4\u00e4kinn\u00e4lliset laitteet:<\/strong> Valmistetaan koteloita, jotka t\u00e4ytt\u00e4v\u00e4t tiukat l\u00e4\u00e4ketieteelliset turvallisuus- ja hygieniastandardit.<\/li>\n<li data-sourcepos=\"17:1-17:114\"><strong>Televiestint\u00e4:<\/strong> Kehit\u00e4 verkkolaitteille r\u00e4\u00e4t\u00e4l\u00f6ityj\u00e4 koteloita, joilla varmistetaan luotettava signaalinsiirto.<\/li>\n<li data-sourcepos=\"18:1-19:0\"><strong>Viihde-elektroniikka:<\/strong> Suunnittele ainutlaatuisia koteloita innovatiivisille elektroniikkatuotteillesi, jotka erottavat tuotemerkkisi muista.<\/li>\n<\/ul>\n<h4 data-sourcepos=\"20:1-20:70\"><strong>R\u00e4\u00e4t\u00e4l\u00f6idyn metallikotelon luomisprosessi on yhteistoiminnallinen:<\/strong><\/h4>\n<ul data-sourcepos=\"22:1-26:0\">\n<li data-sourcepos=\"22:1-22:102\"><strong>Keskustele tarpeistasi:<\/strong> Jaa n\u00e4kemyksesi ja toimintovaatimuksesi kokeneiden insin\u00f6\u00f6rien kanssa.<\/li>\n<li data-sourcepos=\"23:1-23:105\"><strong>Suunnittelun yhteissuunnittelu:<\/strong> Tee yhteisty\u00f6t\u00e4 suunnittelijoiden kanssa ideoiden muuntamiseksi yksityiskohtaisiksi teknisiksi piirustuksiksi.<\/li>\n<li data-sourcepos=\"24:1-24:112\"><strong>Prototyyppi ja hienos\u00e4\u00e4t\u00f6:<\/strong> Prototyyppi kotelon virheett\u00f6m\u00e4n muodon ja toiminnan varmistamiseksi ennen massatuotantoa.<\/li>\n<li data-sourcepos=\"25:1-26:0\"><strong>Laadukas valmistus:<\/strong> Hy\u00f6dynn\u00e4 kehittyneit\u00e4 metallinvalmistustekniikoita erinomaisen lopputuotteen aikaansaamiseksi.<\/li>\n<\/ul>","protected":false},"excerpt":{"rendered":"<p>Sijoittamalla r\u00e4\u00e4t\u00e4l\u00f6ityihin metallikoteloihin et vain suojaa elektroniikkaa, vaan annat el\u00e4m\u00e4\u00e4 ainutlaatuiselle visiollesi. Luot ainutlaatuisen ratkaisun, joka integroituu t\u00e4ydellisesti elektroniseen mestariteokseen.<\/p>","protected":false},"featured_media":1701,"template":"","meta":[],"product_cat":[38],"product_tag":[],"_links":{"self":[{"href":"https:\/\/thepcba.com\/fi\/wp-json\/wp\/v2\/product\/1700"}],"collection":[{"href":"https:\/\/thepcba.com\/fi\/wp-json\/wp\/v2\/product"}],"about":[{"href":"https:\/\/thepcba.com\/fi\/wp-json\/wp\/v2\/types\/product"}],"wp:featuredmedia":[{"embeddable":true,"href":"https:\/\/thepcba.com\/fi\/wp-json\/wp\/v2\/media\/1701"}],"wp:attachment":[{"href":"https:\/\/thepcba.com\/fi\/wp-json\/wp\/v2\/media?parent=1700"}],"wp:term":[{"taxonomy":"product_cat","embeddable":true,"href":"https:\/\/thepcba.com\/fi\/wp-json\/wp\/v2\/product_cat?post=1700"},{"taxonomy":"product_tag","embeddable":true,"href":"https:\/\/thepcba.com\/fi\/wp-json\/wp\/v2\/product_tag?post=1700"}],"curies":[{"name":"wp","href":"https:\/\/api.w.org\/{rel}","templated":true}]}}