{"id":1689,"date":"2024-07-16T08:07:52","date_gmt":"2024-07-16T08:07:52","guid":{"rendered":"https:\/\/thepcba.com\/?post_type=product&#038;p=1689"},"modified":"2024-07-16T08:09:51","modified_gmt":"2024-07-16T08:09:51","slug":"instrument-enclosure","status":"publish","type":"product","link":"https:\/\/thepcba.com\/fi\/manufacturer\/instrument-enclosure\/","title":{"rendered":"Laitteen kotelo"},"content":{"rendered":"<p data-sourcepos=\"3:1-3:244\">Laitekotelo on tieteellisen ja teollisen maailman laulamaton sankari. Se on suojakotelo, joka on yleens\u00e4 valmistettu kest\u00e4vist\u00e4 materiaaleista, kuten alumiinista tai ruostumattomasta ter\u00e4ksest\u00e4, ja joka on suunniteltu suojaamaan arvokkaita instrumenttejasi vahingoittumiselta.<\/p>\n<h4 data-sourcepos=\"5:1-5:79\"><strong>Ajattele sit\u00e4 laitteesi henkivartijana, joka tarjoaa olennaisia etuja:<\/strong><\/h4>\n<ul data-sourcepos=\"7:1-9:96\">\n<li data-sourcepos=\"7:1-7:136\"><strong>Kest\u00e4vyys:<\/strong> Kest\u00e4\u00e4 fyysisi\u00e4 iskuja, p\u00f6ly\u00e4 ja kosteutta varmistaen, ett\u00e4 laitteet toimivat moitteettomasti erilaisissa ymp\u00e4rist\u00f6iss\u00e4.<\/li>\n<li data-sourcepos=\"8:1-8:127\"><strong>Ymp\u00e4rist\u00f6nsuojelu:<\/strong> Tarjoaa suojan kovia olosuhteita vastaan, mik\u00e4 pident\u00e4\u00e4 herkkien laitteiden k\u00e4ytt\u00f6ik\u00e4\u00e4.<\/li>\n<li data-sourcepos=\"9:1-9:96\"><strong>L\u00e4mp\u00f6tilan s\u00e4\u00e4t\u00f6:<\/strong> Auttaa yll\u00e4pit\u00e4m\u00e4\u00e4n optimaalisen k\u00e4ytt\u00f6l\u00e4mp\u00f6tilan instrumenteillesi, erityisesti l\u00e4mp\u00f6herkille komponenteille.<\/li>\n<li data-sourcepos=\"10:1-11:0\"><strong>S\u00e4hk\u00f6magneettisten h\u00e4iri\u00f6iden (EMI) suojaus:<\/strong> Est\u00e4\u00e4 ei-toivotut s\u00e4hk\u00f6magneettiset signaalit, jotka voivat h\u00e4irit\u00e4 laitteiden toimintaa.<\/li>\n<\/ul>\n<h4 data-sourcepos=\"12:1-12:149\"><strong>Instrumenttikoteloita on saatavana monenlaisia muotoja, kokoja ja kokoonpanoja, jotka sopivat erityistarpeisiisi. Seuraavassa on joitakin yleisi\u00e4 sovelluksia:<\/strong><\/h4>\n<ul data-sourcepos=\"14:1-15:95\">\n<li data-sourcepos=\"14:1-14:116\"><strong>Teollisuusautomaatio:<\/strong> Ohjauspaneelien, antureiden ja muiden laitteiden kotelointi tehtaissa ja tuotantolinjoilla.<\/li>\n<li data-sourcepos=\"15:1-15:95\"><strong>Laboratoriot ja tutkimuslaitokset:<\/strong> Tutkimuksessa ja kehityksess\u00e4 k\u00e4ytett\u00e4vien arkojen tieteellisten laitteiden suojaaminen.<\/li>\n<li data-sourcepos=\"16:1-16:114\"><strong>L\u00e4\u00e4kinn\u00e4lliset laitteet:<\/strong> Turvallisen ja puhtaan ymp\u00e4rist\u00f6n tarjoaminen sairaaloissa ja klinikoilla k\u00e4ytett\u00e4ville l\u00e4\u00e4kinn\u00e4llisille laitteille.<\/li>\n<li data-sourcepos=\"17:1-18:0\"><strong>Kentt\u00e4sovellukset:<\/strong> Tarjoaa kest\u00e4v\u00e4n suojan ulkoymp\u00e4rist\u00f6iss\u00e4 k\u00e4ytett\u00e4ville laitteille, kuten s\u00e4\u00e4asemille tai ymp\u00e4rist\u00f6nseurantalaitteille.<\/li>\n<\/ul>\n<h4 data-sourcepos=\"19:1-19:94\"><strong>Oikean instrumenttikotelon valinta edellytt\u00e4\u00e4 useiden tekij\u00f6iden huolellista harkintaa:<\/strong><\/h4>\n<ul data-sourcepos=\"21:1-25:0\">\n<li data-sourcepos=\"21:1-21:135\"><strong>Koko ja muoto:<\/strong> Varmista, ett\u00e4 laite mahtuu koteloon mukavasti ja ett\u00e4 siin\u00e4 on asianmukainen ilmanvaihto ja kaapelien p\u00e4\u00e4sy.<\/li>\n<li data-sourcepos=\"22:1-22:120\"><strong>Materiaali:<\/strong> Valitse materiaali, kuten alumiini painons\u00e4\u00e4st\u00f6jen vuoksi tai ruostumaton ter\u00e4s erinomaisen korroosionkest\u00e4vyyden vuoksi.<\/li>\n<li data-sourcepos=\"23:1-23:154\"><strong>IP-luokitus:<\/strong> Valitse kotelo, jolla on asianmukainen IP-luokitus (Ingress Protection), jotta se kest\u00e4\u00e4 p\u00f6lylle ja vedelle altistumisen erityisess\u00e4 ymp\u00e4rist\u00f6ss\u00e4si.<\/li>\n<li data-sourcepos=\"24:1-25:0\"><strong>L\u00e4mp\u00f6tilan s\u00e4\u00e4t\u00f6:<\/strong> Harkitse j\u00e4\u00e4hdytysominaisuuksia, kuten tuulettimia tai tuuletusaukkoja, jos l\u00e4mm\u00f6ntuotto on ongelma.<\/li>\n<\/ul>","protected":false},"excerpt":{"rendered":"<p>Investoimalla laadukkaaseen laitekoteloon et vain suojaa laitteitasi, vaan varmistat my\u00f6s tietojesi eheyden ja tarkkuuden sek\u00e4 kriittisten prosessien sujuvan toiminnan.<\/p>","protected":false},"featured_media":1690,"template":"","meta":[],"product_cat":[38],"product_tag":[],"_links":{"self":[{"href":"https:\/\/thepcba.com\/fi\/wp-json\/wp\/v2\/product\/1689"}],"collection":[{"href":"https:\/\/thepcba.com\/fi\/wp-json\/wp\/v2\/product"}],"about":[{"href":"https:\/\/thepcba.com\/fi\/wp-json\/wp\/v2\/types\/product"}],"wp:featuredmedia":[{"embeddable":true,"href":"https:\/\/thepcba.com\/fi\/wp-json\/wp\/v2\/media\/1690"}],"wp:attachment":[{"href":"https:\/\/thepcba.com\/fi\/wp-json\/wp\/v2\/media?parent=1689"}],"wp:term":[{"taxonomy":"product_cat","embeddable":true,"href":"https:\/\/thepcba.com\/fi\/wp-json\/wp\/v2\/product_cat?post=1689"},{"taxonomy":"product_tag","embeddable":true,"href":"https:\/\/thepcba.com\/fi\/wp-json\/wp\/v2\/product_tag?post=1689"}],"curies":[{"name":"wp","href":"https:\/\/api.w.org\/{rel}","templated":true}]}}