{"id":2170,"date":"2024-10-07T03:21:52","date_gmt":"2024-10-07T03:21:52","guid":{"rendered":"https:\/\/thepcba.com\/?post_type=product&#038;p=2170"},"modified":"2024-10-07T05:54:01","modified_gmt":"2024-10-07T05:54:01","slug":"connection-terminal","status":"publish","type":"product","link":"https:\/\/thepcba.com\/es\/manufacturer\/connection-terminal\/","title":{"rendered":"Terminal de conexi\u00f3n"},"content":{"rendered":"<h2 data-sourcepos=\"5:1-5:34\">Tipos de terminales de conexi\u00f3n:<\/h2>\n<ul data-sourcepos=\"7:1-12:0\">\n<li data-sourcepos=\"7:1-7:97\"><strong>Terminales de tornillo:<\/strong> El tipo m\u00e1s com\u00fan, con un tornillo que sujeta el conductor.<\/li>\n<li data-sourcepos=\"8:1-8:74\"><strong>Terminales de muelle:<\/strong> Utilice la tensi\u00f3n del muelle para mantener el conductor en su sitio.<\/li>\n<li data-sourcepos=\"9:1-9:111\"><strong>Terminales a presi\u00f3n:<\/strong> Permiten una conexi\u00f3n r\u00e1pida y sencilla con s\u00f3lo introducir el conductor en el terminal.<\/li>\n<li data-sourcepos=\"10:1-10:87\"><strong>Terminales de engarce:<\/strong> Requieren una herramienta de crimpado para fijar el conductor al terminal.<\/li>\n<li data-sourcepos=\"11:1-12:0\"><strong>Terminales para soldar:<\/strong> Conecte los conductores mediante soldadura.<\/li>\n<\/ul>\n<h2 data-sourcepos=\"13:1-13:41\">Aplicaciones de los terminales de conexi\u00f3n:<\/h2>\n<ul>\n<li><strong>Cuadros el\u00e9ctricos:<\/strong> Conecte los cables a los disyuntores y otros componentes.<\/li>\n<li><strong style=\"color: #555555; font-size: 14.4px;\">Dispositivos electr\u00f3nicos:<\/strong><span style=\"color: #555555; font-size: 14.4px;\"> Conecte los componentes internos y los cables externos.<\/span><\/li>\n<li><strong style=\"color: #555555; font-size: 14.4px;\">Equipos industriales:<\/strong><span style=\"color: #555555; font-size: 14.4px;\"> Conecta motores, sensores y otros dispositivos.<\/span><\/li>\n<li><strong style=\"color: #555555; font-size: 14.4px;\">Sistemas de automoci\u00f3n:<\/strong><span style=\"color: #555555; font-size: 14.4px;\"> Conectar el cableado a diversos componentes el\u00e9ctricos.<\/span><\/li>\n<li><strong style=\"color: #555555; font-size: 14.4px;\">Electrodom\u00e9sticos:<\/strong><span style=\"color: #555555; font-size: 14.4px;\"> Conecte los cables de alimentaci\u00f3n y los componentes internos.<\/span><\/li>\n<\/ul>\n<p>La correcta instalaci\u00f3n de los terminales de conexi\u00f3n es esencial para que los sistemas el\u00e9ctricos sean seguros y fiables. Consulte las instrucciones del fabricante o solicite asesoramiento profesional para aplicaciones espec\u00edficas.<\/p>","protected":false},"excerpt":{"rendered":"<p>Los terminales de conexi\u00f3n son componentes cruciales en los sistemas el\u00e9ctricos y electr\u00f3nicos. Sirven como puntos de uni\u00f3n donde los conductores el\u00e9ctricos, como alambres o cables, se conectan a otros componentes o dispositivos. Estos terminales garantizan un flujo fiable y seguro de la corriente el\u00e9ctrica.<\/p>\n<h2 data-sourcepos=\"21:1-21:58\">Consideraciones clave a la hora de elegir terminales de conexi\u00f3n:<\/h2>\n<ul>\n<li><strong>Capacidad actual:<\/strong> Aseg\u00farese de que el terminal puede soportar la corriente necesaria.<\/li>\n<li><strong>Tensi\u00f3n nominal:<\/strong> Seleccione terminales adecuados para la tensi\u00f3n de funcionamiento.<\/li>\n<li><strong>Calibre del cable:<\/strong> Elige terminales compatibles con el calibre del cable que vayas a utilizar.<\/li>\n<li><strong>M\u00e9todo de instalaci\u00f3n:<\/strong> Ten en cuenta la facilidad de instalaci\u00f3n y las herramientas necesarias.<\/li>\n<li><strong>Factores medioambientales:<\/strong> Si el terminal va a estar expuesto a condiciones duras, seleccione uno con la protecci\u00f3n adecuada.<\/li>\n<\/ul>\n<p>Podemos personalizar terminales de diversas especificaciones. Tanto si se utilizan en grandes m\u00e1quinas como si son tan peque\u00f1os como los de una placa de circuito, podemos fabricar terminales que cumplan sus especificaciones. En cuanto a los materiales, podemos galvanizar, utilizar aluminio, cobre, etc. seg\u00fan sus requisitos.<\/p>\n<p>&nbsp;<\/p>","protected":false},"featured_media":2171,"template":"","meta":[],"product_cat":[39],"product_tag":[],"_links":{"self":[{"href":"https:\/\/thepcba.com\/es\/wp-json\/wp\/v2\/product\/2170"}],"collection":[{"href":"https:\/\/thepcba.com\/es\/wp-json\/wp\/v2\/product"}],"about":[{"href":"https:\/\/thepcba.com\/es\/wp-json\/wp\/v2\/types\/product"}],"wp:featuredmedia":[{"embeddable":true,"href":"https:\/\/thepcba.com\/es\/wp-json\/wp\/v2\/media\/2171"}],"wp:attachment":[{"href":"https:\/\/thepcba.com\/es\/wp-json\/wp\/v2\/media?parent=2170"}],"wp:term":[{"taxonomy":"product_cat","embeddable":true,"href":"https:\/\/thepcba.com\/es\/wp-json\/wp\/v2\/product_cat?post=2170"},{"taxonomy":"product_tag","embeddable":true,"href":"https:\/\/thepcba.com\/es\/wp-json\/wp\/v2\/product_tag?post=2170"}],"curies":[{"name":"wp","href":"https:\/\/api.w.org\/{rel}","templated":true}]}}