{"id":2164,"date":"2024-10-07T02:52:11","date_gmt":"2024-10-07T02:52:11","guid":{"rendered":"https:\/\/thepcba.com\/?post_type=product&#038;p=2164"},"modified":"2024-10-07T03:01:47","modified_gmt":"2024-10-07T03:01:47","slug":"data-transfer-cable","status":"publish","type":"product","link":"https:\/\/thepcba.com\/es\/manufacturer\/data-transfer-cable\/","title":{"rendered":"Cable de transferencia de datos"},"content":{"rendered":"<h2>Cable de transferencia de datos personalizable: Adapte su conectividad<\/h2>\n<div class=\"auto-hide-last-sibling-br paragraph-u1TS5p paragraph-element br-paragraph-space\">El cable de transferencia de datos es un accesorio imprescindible para todas sus necesidades de transferencia de datos. Fabricado con precisi\u00f3n y durabilidad, este cable ofrece una transferencia de datos fluida y eficaz entre varios dispositivos.<\/div>\n<div><\/div>\n<div class=\"auto-hide-last-sibling-br paragraph-u1TS5p paragraph-element br-paragraph-space\">Lo que distingue a nuestro cable es su capacidad de personalizaci\u00f3n. Entendemos que cada usuario tiene requisitos \u00fanicos, y por eso ofrecemos la opci\u00f3n de personalizar su cable. Tanto si necesita una longitud espec\u00edfica, un color concreto o un dise\u00f1o de conector \u00fanico, podemos hacerlo realidad.<\/div>\n<div><\/div>\n<div class=\"auto-hide-last-sibling-br paragraph-u1TS5p paragraph-element br-paragraph-space\">Nuestro equipo de expertos se dedica a garantizar que su cable de transferencia de datos personalizado cumpla los m\u00e1s altos est\u00e1ndares de calidad y rendimiento. Utilizamos solo los mejores materiales para garantizar la durabilidad y una transferencia de datos fiable.<\/div>\n<div><\/div>\n<div class=\"auto-hide-last-sibling-br paragraph-u1TS5p paragraph-element br-paragraph-space\">Con nuestro cable de transferencia de datos personalizable, puede personalizar su experiencia de conectividad y hacerla verdaderamente suya. Ya sea para uso personal o profesional, este cable es la soluci\u00f3n perfecta para todas sus necesidades de transferencia de datos. Actualice su conectividad hoy mismo con un cable de transferencia de datos personalizado.<\/div>","protected":false},"excerpt":{"rendered":"<h3 class=\"text-4 text-info mb-200\">Especificaciones<\/h3>\n<ul>\n<li>Longitud del cable: <span style=\"color: #333333; font-size: 14.4px;\">4 pies o a medida<\/span><\/li>\n<li><span style=\"color: #333333; font-size: 14.4px;\">Tipo de conector (extremo 1): <\/span><span style=\"color: #333333; font-size: 14.4px;\">TIPO-C <\/span><\/li>\n<li><span style=\"color: #333333; font-size: 14.4px;\">Tipo de conector (extremo 2): <\/span><span style=\"color: #333333; font-size: 14.4px;\">USB-C o TIPO-C<\/span><\/li>\n<li><span style=\"color: #333333; font-size: 14.4px;\">Velocidad m\u00e1xima de transferencia de datos<\/span><span style=\"color: #333333; font-size: 14.4px;\">: 480 megabits por segundo<\/span><\/li>\n<li><span style=\"color: #333333; font-size: 14.4px;\">Material: <\/span><span style=\"color: #333333; font-size: 14.4px;\">PVC<\/span><\/li>\n<li>Color: Negro, blanco o personalizado<\/li>\n<\/ul>\n<div class=\"zebra-row flex p-200 justify-content-between body-copy-lg\"><\/div>","protected":false},"featured_media":2166,"template":"","meta":[],"product_cat":[39],"product_tag":[],"_links":{"self":[{"href":"https:\/\/thepcba.com\/es\/wp-json\/wp\/v2\/product\/2164"}],"collection":[{"href":"https:\/\/thepcba.com\/es\/wp-json\/wp\/v2\/product"}],"about":[{"href":"https:\/\/thepcba.com\/es\/wp-json\/wp\/v2\/types\/product"}],"wp:featuredmedia":[{"embeddable":true,"href":"https:\/\/thepcba.com\/es\/wp-json\/wp\/v2\/media\/2166"}],"wp:attachment":[{"href":"https:\/\/thepcba.com\/es\/wp-json\/wp\/v2\/media?parent=2164"}],"wp:term":[{"taxonomy":"product_cat","embeddable":true,"href":"https:\/\/thepcba.com\/es\/wp-json\/wp\/v2\/product_cat?post=2164"},{"taxonomy":"product_tag","embeddable":true,"href":"https:\/\/thepcba.com\/es\/wp-json\/wp\/v2\/product_tag?post=2164"}],"curies":[{"name":"wp","href":"https:\/\/api.w.org\/{rel}","templated":true}]}}