{"id":1700,"date":"2024-07-16T08:29:25","date_gmt":"2024-07-16T08:29:25","guid":{"rendered":"https:\/\/thepcba.com\/?post_type=product&#038;p=1700"},"modified":"2024-07-16T08:30:13","modified_gmt":"2024-07-16T08:30:13","slug":"custom-metal-enclosures","status":"publish","type":"product","link":"https:\/\/thepcba.com\/es\/manufacturer\/custom-metal-enclosures\/","title":{"rendered":"Cerramientos met\u00e1licos a medida"},"content":{"rendered":"<p data-sourcepos=\"3:1-3:306\">En el \u00e1mbito de la electr\u00f3nica, donde la innovaci\u00f3n reina, las soluciones est\u00e1ndar a menudo se quedan cortas. Ah\u00ed es donde entran en juego las carcasas met\u00e1licas a medida, que ofrecen el ajuste perfecto para sus creaciones electr\u00f3nicas \u00fanicas. Estas cajas, fabricadas meticulosamente con materiales robustos como aluminio o acero inoxidable, se dise\u00f1an y construyen siguiendo sus especificaciones exactas.<\/p>\n<h4 data-sourcepos=\"5:1-5:91\"><strong>Piense en ellos como si fueran un traje a medida para su electr\u00f3nica, con toda una serie de ventajas:<\/strong><\/h4>\n<ul data-sourcepos=\"7:1-7:13\">\n<li data-sourcepos=\"7:1-7:13\"><strong>Precisi\u00f3n inigualable:<\/strong> Consiga dimensiones y configuraciones perfectas, garantizando una integraci\u00f3n perfecta de sus componentes electr\u00f3nicos.<\/li>\n<li data-sourcepos=\"8:1-8:102\"><strong>Funcionalidad mejorada:<\/strong> Caracter\u00edsticas de dise\u00f1o como ranuras de ventilaci\u00f3n, recortes y puntos de montaje integrados para optimizar el rendimiento.<\/li>\n<li data-sourcepos=\"9:1-9:128\"><strong>Protecci\u00f3n sin igual:<\/strong> Proteja sus componentes electr\u00f3nicos sensibles de los impactos f\u00edsicos, el polvo, la humedad y las interferencias EMI.<\/li>\n<li data-sourcepos=\"10:1-11:0\"><strong>Est\u00e9tica profesional:<\/strong> Exprese la identidad de su marca con una elegante carcasa de dise\u00f1o personalizado que complemente sus dispositivos electr\u00f3nicos.<\/li>\n<\/ul>\n<h4 data-sourcepos=\"12:1-12:111\"><strong>Las cajas met\u00e1licas a medida se adaptan a una amplia gama de aplicaciones electr\u00f3nicas, limitadas \u00fanicamente por su imaginaci\u00f3n:<\/strong><\/h4>\n<ul data-sourcepos=\"14:1-14:123\">\n<li data-sourcepos=\"14:1-14:123\"><strong>Prototipos y desarrollo:<\/strong> Cree carcasas funcionales para sus prototipos, acelerando el proceso de desarrollo.<\/li>\n<li data-sourcepos=\"15:1-15:117\"><strong>Automatizaci\u00f3n industrial:<\/strong> Dise\u00f1e armarios a medida para paneles de control, sensores y otros equipos en f\u00e1bricas.<\/li>\n<li data-sourcepos=\"16:1-16:106\"><strong>Productos sanitarios:<\/strong> Fabricamos armarios que cumplen las estrictas normas m\u00e9dicas de seguridad e higiene.<\/li>\n<li data-sourcepos=\"17:1-17:114\"><strong>Telecomunicaciones:<\/strong> Desarrolle carcasas personalizadas para equipos de red que garanticen una transmisi\u00f3n fiable de la se\u00f1al.<\/li>\n<li data-sourcepos=\"18:1-19:0\"><strong>Electr\u00f3nica de consumo:<\/strong> Cree carcasas \u00fanicas para sus innovadores productos electr\u00f3nicos, diferenciando su marca.<\/li>\n<\/ul>\n<h4 data-sourcepos=\"20:1-20:70\"><strong>El proceso de creaci\u00f3n de una caja met\u00e1lica a medida es colaborativo:<\/strong><\/h4>\n<ul data-sourcepos=\"22:1-26:0\">\n<li data-sourcepos=\"22:1-22:102\"><strong>Hable de sus necesidades:<\/strong> Comparta su visi\u00f3n y sus requisitos funcionales con ingenieros experimentados.<\/li>\n<li data-sourcepos=\"23:1-23:105\"><strong>Co-crear el dise\u00f1o:<\/strong> Trabaje con dise\u00f1adores para plasmar sus ideas en dibujos t\u00e9cnicos detallados.<\/li>\n<li data-sourcepos=\"24:1-24:112\"><strong>Prototipo y perfeccionamiento:<\/strong> Realice un prototipo de la carcasa para garantizar una forma y un funcionamiento perfectos antes de la producci\u00f3n en serie.<\/li>\n<li data-sourcepos=\"25:1-26:0\"><strong>Fabricaci\u00f3n de alta calidad:<\/strong> Aproveche las t\u00e9cnicas avanzadas de fabricaci\u00f3n de metales para obtener un producto acabado de calidad superior.<\/li>\n<\/ul>","protected":false},"excerpt":{"rendered":"<p>Al invertir en carcasas met\u00e1licas personalizadas, no s\u00f3lo protege sus aparatos electr\u00f3nicos, sino que da vida a su visi\u00f3n \u00fanica. Est\u00e1 creando una soluci\u00f3n \u00fanica que se integra a la perfecci\u00f3n con su obra maestra electr\u00f3nica.<\/p>","protected":false},"featured_media":1701,"template":"","meta":[],"product_cat":[38],"product_tag":[],"_links":{"self":[{"href":"https:\/\/thepcba.com\/es\/wp-json\/wp\/v2\/product\/1700"}],"collection":[{"href":"https:\/\/thepcba.com\/es\/wp-json\/wp\/v2\/product"}],"about":[{"href":"https:\/\/thepcba.com\/es\/wp-json\/wp\/v2\/types\/product"}],"wp:featuredmedia":[{"embeddable":true,"href":"https:\/\/thepcba.com\/es\/wp-json\/wp\/v2\/media\/1701"}],"wp:attachment":[{"href":"https:\/\/thepcba.com\/es\/wp-json\/wp\/v2\/media?parent=1700"}],"wp:term":[{"taxonomy":"product_cat","embeddable":true,"href":"https:\/\/thepcba.com\/es\/wp-json\/wp\/v2\/product_cat?post=1700"},{"taxonomy":"product_tag","embeddable":true,"href":"https:\/\/thepcba.com\/es\/wp-json\/wp\/v2\/product_tag?post=1700"}],"curies":[{"name":"wp","href":"https:\/\/api.w.org\/{rel}","templated":true}]}}