{"id":1692,"date":"2024-07-16T08:13:36","date_gmt":"2024-07-16T08:13:36","guid":{"rendered":"https:\/\/thepcba.com\/?post_type=product&#038;p=1692"},"modified":"2024-07-16T08:18:04","modified_gmt":"2024-07-16T08:18:04","slug":"wall-mount-enclosure","status":"publish","type":"product","link":"https:\/\/thepcba.com\/es\/manufacturer\/wall-mount-enclosure\/","title":{"rendered":"Caja mural"},"content":{"rendered":"<p data-sourcepos=\"3:1-3:339\">En el mundo de la electr\u00f3nica, el espacio suele ser un bien preciado. Ah\u00ed es donde entran en juego las cajas murales, que ofrecen una soluci\u00f3n que ahorra espacio para proteger sus equipos esenciales. Estas cajas, fabricadas normalmente con materiales robustos como el acero o el aluminio, est\u00e1n dise\u00f1adas para montarse de forma segura directamente en la pared y aprovechar al m\u00e1ximo el espacio disponible.<\/p>\n<h4 data-sourcepos=\"5:1-5:89\"><strong>Piense en ellos como en una capa de superh\u00e9roe para sus aparatos electr\u00f3nicos, que aportan beneficios esenciales:<\/strong><\/h4>\n<ul data-sourcepos=\"7:1-8:79\">\n<li data-sourcepos=\"7:1-7:134\"><strong>Optimizaci\u00f3n del espacio:<\/strong> Libere valioso espacio en el suelo montando sus equipos directamente en las paredes, ideal para entornos estrechos.<\/li>\n<li data-sourcepos=\"8:1-8:79\"><strong>Accesibilidad:<\/strong> Mantenga un f\u00e1cil acceso a su equipo para su mantenimiento o funcionamiento.<\/li>\n<li data-sourcepos=\"9:1-9:98\"><strong>Protecci\u00f3n:<\/strong> Proteja sus aparatos electr\u00f3nicos del polvo, la humedad, los impactos f\u00edsicos y las manipulaciones.<\/li>\n<li data-sourcepos=\"10:1-11:0\"><strong>Organizaci\u00f3n:<\/strong> Mantenga sus componentes el\u00e9ctricos organizados y fuera del camino, promoviendo una est\u00e9tica limpia y profesional.<\/li>\n<\/ul>\n<h4 data-sourcepos=\"12:1-12:141\"><strong>Las cajas murales est\u00e1n disponibles en una amplia gama de tama\u00f1os y configuraciones para adaptarse a sus necesidades espec\u00edficas. Estas son algunas de las aplicaciones m\u00e1s comunes:<\/strong><\/h4>\n<ul data-sourcepos=\"14:1-16:58\">\n<li data-sourcepos=\"14:1-14:110\"><strong>Automatizaci\u00f3n industrial:<\/strong> Carcasas para paneles de control, conmutadores de red y otros equipos en f\u00e1bricas.<\/li>\n<li data-sourcepos=\"15:1-15:122\"><strong>Telecomunicaciones:<\/strong> Resguardo de enrutadores de red, m\u00f3dems y otros dispositivos de comunicaci\u00f3n en oficinas y centros de datos.<\/li>\n<li data-sourcepos=\"16:1-16:58\"><strong>Sistemas de gesti\u00f3n de edificios:<\/strong> Protecci\u00f3n de termostatos, paneles de seguridad y otros sistemas de control de edificios.<\/li>\n<li data-sourcepos=\"17:1-17:137\"><strong>Equipo audiovisual:<\/strong> Montaje de proyectores, componentes del sistema de sonido y otros equipos audiovisuales en salas de conferencias o aulas.<\/li>\n<li data-sourcepos=\"18:1-19:0\"><strong>Sistemas de seguridad:<\/strong> Alberga c\u00e1maras de seguridad, paneles de alarma y otros equipos de seguridad.<\/li>\n<\/ul>\n<h4 data-sourcepos=\"20:1-20:94\"><strong>Para elegir la caja mural adecuada hay que tener en cuenta varios factores:<\/strong><\/h4>\n<ul data-sourcepos=\"22:1-26:0\">\n<li data-sourcepos=\"22:1-22:106\"><strong>Tama\u00f1o y peso:<\/strong> Seleccione una caja que pueda alojar adecuadamente su equipo y su peso.<\/li>\n<li data-sourcepos=\"23:1-23:104\"><strong>Material:<\/strong> Elija acero para mayor resistencia y durabilidad, o aluminio para ahorrar peso, si procede.<\/li>\n<li data-sourcepos=\"24:1-24:134\"><strong>Clasificaci\u00f3n IP:<\/strong> Para entornos con problemas de polvo o humedad, seleccione una caja con un grado de protecci\u00f3n IP (Ingress Protection) adecuado.<\/li>\n<li data-sourcepos=\"25:1-26:0\"><strong>Ventilaci\u00f3n:<\/strong> Si la disipaci\u00f3n del calor es un problema para su equipo, considere la posibilidad de instalar carcasas con rejillas de ventilaci\u00f3n o ventiladores.<\/li>\n<\/ul>","protected":false},"excerpt":{"rendered":"<p>Si invierte en una caja mural adecuada, no s\u00f3lo ahorrar\u00e1 espacio, sino que proporcionar\u00e1 un hogar seguro a sus equipos electr\u00f3nicos esenciales, lo que favorecer\u00e1 un funcionamiento eficaz y un entorno de trabajo limpio y organizado.<\/p>","protected":false},"featured_media":1693,"template":"","meta":[],"product_cat":[38],"product_tag":[],"_links":{"self":[{"href":"https:\/\/thepcba.com\/es\/wp-json\/wp\/v2\/product\/1692"}],"collection":[{"href":"https:\/\/thepcba.com\/es\/wp-json\/wp\/v2\/product"}],"about":[{"href":"https:\/\/thepcba.com\/es\/wp-json\/wp\/v2\/types\/product"}],"wp:featuredmedia":[{"embeddable":true,"href":"https:\/\/thepcba.com\/es\/wp-json\/wp\/v2\/media\/1693"}],"wp:attachment":[{"href":"https:\/\/thepcba.com\/es\/wp-json\/wp\/v2\/media?parent=1692"}],"wp:term":[{"taxonomy":"product_cat","embeddable":true,"href":"https:\/\/thepcba.com\/es\/wp-json\/wp\/v2\/product_cat?post=1692"},{"taxonomy":"product_tag","embeddable":true,"href":"https:\/\/thepcba.com\/es\/wp-json\/wp\/v2\/product_tag?post=1692"}],"curies":[{"name":"wp","href":"https:\/\/api.w.org\/{rel}","templated":true}]}}