{"id":1689,"date":"2024-07-16T08:07:52","date_gmt":"2024-07-16T08:07:52","guid":{"rendered":"https:\/\/thepcba.com\/?post_type=product&#038;p=1689"},"modified":"2024-07-16T08:09:51","modified_gmt":"2024-07-16T08:09:51","slug":"instrument-enclosure","status":"publish","type":"product","link":"https:\/\/thepcba.com\/es\/manufacturer\/instrument-enclosure\/","title":{"rendered":"Caja de instrumentos"},"content":{"rendered":"<p data-sourcepos=\"3:1-3:244\">Las cajas para instrumentos son los h\u00e9roes an\u00f3nimos del mundo cient\u00edfico e industrial. Se trata de una carcasa protectora, normalmente fabricada con materiales resistentes como el aluminio o el acero inoxidable, dise\u00f1ada para proteger sus valiosos instrumentos.<\/p>\n<h4 data-sourcepos=\"5:1-5:79\"><strong>Piense en \u00e9l como un guardaespaldas para su equipo, que le ofrece ventajas esenciales:<\/strong><\/h4>\n<ul data-sourcepos=\"7:1-9:96\">\n<li data-sourcepos=\"7:1-7:136\"><strong>Durabilidad:<\/strong> Resiste los impactos f\u00edsicos, el polvo y la humedad, lo que garantiza el perfecto funcionamiento de sus instrumentos en distintos entornos.<\/li>\n<li data-sourcepos=\"8:1-8:127\"><strong>Protecci\u00f3n del medio ambiente:<\/strong> Proporciona una barrera contra las duras condiciones, prolongando la vida \u00fatil de sus delicados equipos.<\/li>\n<li data-sourcepos=\"9:1-9:96\"><strong>Regulaci\u00f3n de la temperatura:<\/strong> Ayuda a mantener temperaturas de funcionamiento \u00f3ptimas para sus instrumentos, especialmente para los componentes sensibles al calor.<\/li>\n<li data-sourcepos=\"10:1-11:0\"><strong>Blindaje contra interferencias electromagn\u00e9ticas (EMI):<\/strong> Bloquea las se\u00f1ales electromagn\u00e9ticas no deseadas que pueden perturbar el funcionamiento de sus instrumentos.<\/li>\n<\/ul>\n<h4 data-sourcepos=\"12:1-12:149\"><strong>Las cajas para instrumentos se presentan en una amplia variedad de formas, tama\u00f1os y configuraciones para adaptarse a sus necesidades espec\u00edficas. He aqu\u00ed algunas aplicaciones comunes:<\/strong><\/h4>\n<ul data-sourcepos=\"14:1-15:95\">\n<li data-sourcepos=\"14:1-14:116\"><strong>Automatizaci\u00f3n industrial:<\/strong> Alojamiento de paneles de control, sensores y otros equipos en f\u00e1bricas y l\u00edneas de producci\u00f3n.<\/li>\n<li data-sourcepos=\"15:1-15:95\"><strong>Laboratorios e instalaciones de investigaci\u00f3n:<\/strong> Protecci\u00f3n de instrumentos cient\u00edficos sensibles utilizados en investigaci\u00f3n y desarrollo.<\/li>\n<li data-sourcepos=\"16:1-16:114\"><strong>Equipos m\u00e9dicos:<\/strong> Proporcionar un entorno seguro y limpio para los productos sanitarios utilizados en hospitales y cl\u00ednicas.<\/li>\n<li data-sourcepos=\"17:1-18:0\"><strong>Aplicaciones de campo:<\/strong> Ofrece una protecci\u00f3n robusta para instrumentos utilizados en entornos exteriores, como estaciones meteorol\u00f3gicas o equipos de control medioambiental.<\/li>\n<\/ul>\n<h4 data-sourcepos=\"19:1-19:94\"><strong>Para elegir la caja de instrumentos adecuada hay que tener en cuenta varios factores:<\/strong><\/h4>\n<ul data-sourcepos=\"21:1-25:0\">\n<li data-sourcepos=\"21:1-21:135\"><strong>Tama\u00f1o y forma:<\/strong> Aseg\u00farese de que la caja se adapta c\u00f3modamente a su instrumento y permite una ventilaci\u00f3n y un acceso a los cables adecuados.<\/li>\n<li data-sourcepos=\"22:1-22:120\"><strong>Material:<\/strong> Elija un material como el aluminio para ahorrar peso o el acero inoxidable para una mayor resistencia a la corrosi\u00f3n.<\/li>\n<li data-sourcepos=\"23:1-23:154\"><strong>Clasificaci\u00f3n IP:<\/strong> Seleccione una caja con un grado de protecci\u00f3n IP (Ingress Protection) adecuado para soportar la exposici\u00f3n al polvo y al agua en su entorno espec\u00edfico.<\/li>\n<li data-sourcepos=\"24:1-25:0\"><strong>Control de temperatura:<\/strong> Si te preocupa la disipaci\u00f3n del calor, considera la posibilidad de utilizar ventiladores o rejillas de ventilaci\u00f3n.<\/li>\n<\/ul>","protected":false},"excerpt":{"rendered":"<p>Al invertir en un armario para instrumentos de alta calidad, no s\u00f3lo est\u00e1 protegiendo sus equipos, sino que est\u00e1 salvaguardando la integridad y precisi\u00f3n de sus datos y garantizando el buen funcionamiento de sus procesos cr\u00edticos.<\/p>","protected":false},"featured_media":1690,"template":"","meta":[],"product_cat":[38],"product_tag":[],"_links":{"self":[{"href":"https:\/\/thepcba.com\/es\/wp-json\/wp\/v2\/product\/1689"}],"collection":[{"href":"https:\/\/thepcba.com\/es\/wp-json\/wp\/v2\/product"}],"about":[{"href":"https:\/\/thepcba.com\/es\/wp-json\/wp\/v2\/types\/product"}],"wp:featuredmedia":[{"embeddable":true,"href":"https:\/\/thepcba.com\/es\/wp-json\/wp\/v2\/media\/1690"}],"wp:attachment":[{"href":"https:\/\/thepcba.com\/es\/wp-json\/wp\/v2\/media?parent=1689"}],"wp:term":[{"taxonomy":"product_cat","embeddable":true,"href":"https:\/\/thepcba.com\/es\/wp-json\/wp\/v2\/product_cat?post=1689"},{"taxonomy":"product_tag","embeddable":true,"href":"https:\/\/thepcba.com\/es\/wp-json\/wp\/v2\/product_tag?post=1689"}],"curies":[{"name":"wp","href":"https:\/\/api.w.org\/{rel}","templated":true}]}}