{"id":2170,"date":"2024-10-07T03:21:52","date_gmt":"2024-10-07T03:21:52","guid":{"rendered":"https:\/\/thepcba.com\/?post_type=product&#038;p=2170"},"modified":"2024-10-07T05:54:01","modified_gmt":"2024-10-07T05:54:01","slug":"connection-terminal","status":"publish","type":"product","link":"https:\/\/thepcba.com\/de\/manufacturer\/connection-terminal\/","title":{"rendered":"Anschluss Terminal"},"content":{"rendered":"<h2 data-sourcepos=\"5:1-5:34\">Arten von Anschlussklemmen:<\/h2>\n<ul data-sourcepos=\"7:1-12:0\">\n<li data-sourcepos=\"7:1-7:97\"><strong>Schraubklemmen:<\/strong> Der h\u00e4ufigste Typ mit einer Schraube, die den Leiter festklemmt.<\/li>\n<li data-sourcepos=\"8:1-8:74\"><strong>Federklemmen:<\/strong> Verwenden Sie die Federspannung, um den Leiter in Position zu halten.<\/li>\n<li data-sourcepos=\"9:1-9:111\"><strong>Push-in-Klemmen:<\/strong> Erm\u00f6glichen einen schnellen und einfachen Anschluss durch einfaches Einschieben des Leiters in die Klemme.<\/li>\n<li data-sourcepos=\"10:1-10:87\"><strong>Crimp-Klemmen:<\/strong> F\u00fcr die Befestigung des Leiters an der Klemme ist eine Crimpzange erforderlich.<\/li>\n<li data-sourcepos=\"11:1-12:0\"><strong>L\u00f6tanschl\u00fcsse:<\/strong> Verbinden Sie die Leiter mit Lot.<\/li>\n<\/ul>\n<h2 data-sourcepos=\"13:1-13:41\">Anwendungen von Anschlussklemmen:<\/h2>\n<ul>\n<li><strong>Elektrische Schalttafeln:<\/strong> Verbinden Sie Dr\u00e4hte mit Leistungsschaltern und anderen Komponenten.<\/li>\n<li><strong style=\"color: #555555; font-size: 14.4px;\">Elektronische Ger\u00e4te:<\/strong><span style=\"color: #555555; font-size: 14.4px;\"> Schlie\u00dfen Sie interne Komponenten und externe Kabel an.<\/span><\/li>\n<li><strong style=\"color: #555555; font-size: 14.4px;\">Industrielle Ausr\u00fcstung:<\/strong><span style=\"color: #555555; font-size: 14.4px;\"> Schlie\u00dfen Sie Motoren, Sensoren und andere Ger\u00e4te an.<\/span><\/li>\n<li><strong style=\"color: #555555; font-size: 14.4px;\">Fahrzeugsysteme:<\/strong><span style=\"color: #555555; font-size: 14.4px;\"> Anschlie\u00dfen von Kabeln an verschiedene elektrische Komponenten.<\/span><\/li>\n<li><strong style=\"color: #555555; font-size: 14.4px;\">Haushaltsger\u00e4te:<\/strong><span style=\"color: #555555; font-size: 14.4px;\"> Schlie\u00dfen Sie die Netzkabel und die internen Komponenten an.<\/span><\/li>\n<\/ul>\n<p>Die ordnungsgem\u00e4\u00dfe Installation von Anschlussklemmen ist f\u00fcr sichere und zuverl\u00e4ssige elektrische Systeme unerl\u00e4sslich. Ziehen Sie die Anweisungen des Herstellers zu Rate oder lassen Sie sich bei speziellen Anwendungen von einem Fachmann beraten.<\/p>","protected":false},"excerpt":{"rendered":"<p>Anschlussklemmen sind wichtige Komponenten in elektrischen und elektronischen Systemen. Sie dienen als Verbindungspunkte, an denen elektrische Leiter, wie Dr\u00e4hte oder Kabel, mit anderen Komponenten oder Ger\u00e4ten verbunden werden. Diese Klemmen sorgen f\u00fcr einen zuverl\u00e4ssigen und sicheren elektrischen Stromfluss.<\/p>\n<h2 data-sourcepos=\"21:1-21:58\">Wichtige \u00dcberlegungen bei der Wahl der Anschlussklemmen:<\/h2>\n<ul>\n<li><strong>Derzeitige Kapazit\u00e4t:<\/strong> Vergewissern Sie sich, dass die Klemme den erforderlichen Strom aufnehmen kann.<\/li>\n<li><strong>Nennspannung:<\/strong> W\u00e4hlen Sie Klemmen, die f\u00fcr die Betriebsspannung geeignet sind.<\/li>\n<li><strong>Drahtst\u00e4rke:<\/strong> W\u00e4hlen Sie Anschlussklemmen, die mit dem von Ihnen verwendeten Kabelquerschnitt kompatibel sind.<\/li>\n<li><strong>Installationsmethode:<\/strong> Achten Sie auf die Einfachheit der Installation und die erforderlichen Werkzeuge.<\/li>\n<li><strong>Umweltfaktoren:<\/strong> Wenn das Terminal rauen Bedingungen ausgesetzt ist, w\u00e4hlen Sie ein Ger\u00e4t mit entsprechendem Schutz.<\/li>\n<\/ul>\n<p>Wir k\u00f6nnen Klemmen mit verschiedenen Spezifikationen anfertigen. Egal, ob sie in gro\u00dfen Maschinen oder auf einer Leiterplatte verwendet werden, wir k\u00f6nnen Klemmen nach Ihren Vorgaben herstellen. Was die Materialien betrifft, so k\u00f6nnen wir je nach Ihren Anforderungen galvanisieren, Aluminium, Kupfer usw. verwenden.<\/p>\n<p>&nbsp;<\/p>","protected":false},"featured_media":2171,"template":"","meta":[],"product_cat":[39],"product_tag":[],"_links":{"self":[{"href":"https:\/\/thepcba.com\/de\/wp-json\/wp\/v2\/product\/2170"}],"collection":[{"href":"https:\/\/thepcba.com\/de\/wp-json\/wp\/v2\/product"}],"about":[{"href":"https:\/\/thepcba.com\/de\/wp-json\/wp\/v2\/types\/product"}],"wp:featuredmedia":[{"embeddable":true,"href":"https:\/\/thepcba.com\/de\/wp-json\/wp\/v2\/media\/2171"}],"wp:attachment":[{"href":"https:\/\/thepcba.com\/de\/wp-json\/wp\/v2\/media?parent=2170"}],"wp:term":[{"taxonomy":"product_cat","embeddable":true,"href":"https:\/\/thepcba.com\/de\/wp-json\/wp\/v2\/product_cat?post=2170"},{"taxonomy":"product_tag","embeddable":true,"href":"https:\/\/thepcba.com\/de\/wp-json\/wp\/v2\/product_tag?post=2170"}],"curies":[{"name":"wp","href":"https:\/\/api.w.org\/{rel}","templated":true}]}}