{"id":2164,"date":"2024-10-07T02:52:11","date_gmt":"2024-10-07T02:52:11","guid":{"rendered":"https:\/\/thepcba.com\/?post_type=product&#038;p=2164"},"modified":"2024-10-07T03:01:47","modified_gmt":"2024-10-07T03:01:47","slug":"data-transfer-cable","status":"publish","type":"product","link":"https:\/\/thepcba.com\/de\/manufacturer\/data-transfer-cable\/","title":{"rendered":"Daten\u00fcbertragungskabel"},"content":{"rendered":"<h2>Anpassbares Daten\u00fcbertragungskabel: Passen Sie Ihre Konnektivit\u00e4t an<\/h2>\n<div class=\"auto-hide-last-sibling-br paragraph-u1TS5p paragraph-element br-paragraph-space\">Das Daten\u00fcbertragungskabel ist ein unverzichtbares Zubeh\u00f6r f\u00fcr alle Ihre Daten\u00fcbertragungsanforderungen. Dieses Kabel wurde mit Blick auf Pr\u00e4zision und Langlebigkeit gefertigt und bietet eine nahtlose und effiziente Daten\u00fcbertragung zwischen verschiedenen Ger\u00e4ten.<\/div>\n<div><\/div>\n<div class=\"auto-hide-last-sibling-br paragraph-u1TS5p paragraph-element br-paragraph-space\">Was unser Kabel auszeichnet, ist seine Anpassbarkeit. Wir wissen, dass jeder Benutzer einzigartige Anforderungen hat, und deshalb bieten wir die M\u00f6glichkeit, Ihr Kabel individuell zu gestalten. Ganz gleich, ob Sie eine bestimmte L\u00e4nge, eine bestimmte Farbe oder ein einzigartiges Steckerdesign ben\u00f6tigen, wir k\u00f6nnen es m\u00f6glich machen.<\/div>\n<div><\/div>\n<div class=\"auto-hide-last-sibling-br paragraph-u1TS5p paragraph-element br-paragraph-space\">Unser Expertenteam sorgt daf\u00fcr, dass Ihr ma\u00dfgeschneidertes Daten\u00fcbertragungskabel den h\u00f6chsten Qualit\u00e4ts- und Leistungsstandards entspricht. Wir verwenden nur die besten Materialien, um Haltbarkeit und zuverl\u00e4ssige Daten\u00fcbertragung zu gew\u00e4hrleisten.<\/div>\n<div><\/div>\n<div class=\"auto-hide-last-sibling-br paragraph-u1TS5p paragraph-element br-paragraph-space\">Mit unserem anpassbaren Daten\u00fcbertragungskabel k\u00f6nnen Sie Ihre Verbindungserfahrung personalisieren und zu Ihrer ganz pers\u00f6nlichen machen. Ob f\u00fcr den privaten oder beruflichen Gebrauch, dieses Kabel ist die perfekte L\u00f6sung f\u00fcr alle Ihre Daten\u00fcbertragungsanforderungen. Verbessern Sie Ihre Konnektivit\u00e4t noch heute mit einem individuellen Daten\u00fcbertragungskabel.<\/div>","protected":false},"excerpt":{"rendered":"<h3 class=\"text-4 text-info mb-200\">Wichtigste Daten<\/h3>\n<ul>\n<li>L\u00e4nge des Kabels: <span style=\"color: #333333; font-size: 14.4px;\">4 Fu\u00df oder kundenspezifisch<\/span><\/li>\n<li><span style=\"color: #333333; font-size: 14.4px;\">Steckertyp (Ende 1): <\/span><span style=\"color: #333333; font-size: 14.4px;\">TYP-C <\/span><\/li>\n<li><span style=\"color: #333333; font-size: 14.4px;\">Steckertyp (Ende 2): <\/span><span style=\"color: #333333; font-size: 14.4px;\">USB-C oder TYPE-C<\/span><\/li>\n<li><span style=\"color: #333333; font-size: 14.4px;\">Maximale Daten\u00fcbertragungsrate<\/span><span style=\"color: #333333; font-size: 14.4px;\">: 480 Megabit pro Sekunde<\/span><\/li>\n<li><span style=\"color: #333333; font-size: 14.4px;\">Material: <\/span><span style=\"color: #333333; font-size: 14.4px;\">PVC<\/span><\/li>\n<li>Farbe: Schwarz, wei\u00df oder individuell<\/li>\n<\/ul>\n<div class=\"zebra-row flex p-200 justify-content-between body-copy-lg\"><\/div>","protected":false},"featured_media":2166,"template":"","meta":[],"product_cat":[39],"product_tag":[],"_links":{"self":[{"href":"https:\/\/thepcba.com\/de\/wp-json\/wp\/v2\/product\/2164"}],"collection":[{"href":"https:\/\/thepcba.com\/de\/wp-json\/wp\/v2\/product"}],"about":[{"href":"https:\/\/thepcba.com\/de\/wp-json\/wp\/v2\/types\/product"}],"wp:featuredmedia":[{"embeddable":true,"href":"https:\/\/thepcba.com\/de\/wp-json\/wp\/v2\/media\/2166"}],"wp:attachment":[{"href":"https:\/\/thepcba.com\/de\/wp-json\/wp\/v2\/media?parent=2164"}],"wp:term":[{"taxonomy":"product_cat","embeddable":true,"href":"https:\/\/thepcba.com\/de\/wp-json\/wp\/v2\/product_cat?post=2164"},{"taxonomy":"product_tag","embeddable":true,"href":"https:\/\/thepcba.com\/de\/wp-json\/wp\/v2\/product_tag?post=2164"}],"curies":[{"name":"wp","href":"https:\/\/api.w.org\/{rel}","templated":true}]}}