{"id":2170,"date":"2024-10-07T03:21:52","date_gmt":"2024-10-07T03:21:52","guid":{"rendered":"https:\/\/thepcba.com\/?post_type=product&#038;p=2170"},"modified":"2024-10-07T05:54:01","modified_gmt":"2024-10-07T05:54:01","slug":"connection-terminal","status":"publish","type":"product","link":"https:\/\/thepcba.com\/da\/manufacturer\/connection-terminal\/","title":{"rendered":"Tilslutningsterminal"},"content":{"rendered":"<h2 data-sourcepos=\"5:1-5:34\">Typer af tilslutningsterminaler:<\/h2>\n<ul data-sourcepos=\"7:1-12:0\">\n<li data-sourcepos=\"7:1-7:97\"><strong>Skrueterminaler:<\/strong> Den mest almindelige type med en skrue, der klemmer lederen fast.<\/li>\n<li data-sourcepos=\"8:1-8:74\"><strong>Fjederterminaler:<\/strong> Brug fjedersp\u00e6nding til at holde lederen p\u00e5 plads.<\/li>\n<li data-sourcepos=\"9:1-9:111\"><strong>Push-in terminaler:<\/strong> Giver mulighed for hurtig og nem tilslutning ved blot at skubbe lederen ind i klemmen.<\/li>\n<li data-sourcepos=\"10:1-10:87\"><strong>Crimp-terminaler:<\/strong> Brug et pressev\u00e6rkt\u00f8j til at fastg\u00f8re lederen til klemmen.<\/li>\n<li data-sourcepos=\"11:1-12:0\"><strong>Loddeterminaler:<\/strong> Forbind lederne med loddetin.<\/li>\n<\/ul>\n<h2 data-sourcepos=\"13:1-13:41\">Anvendelser af tilslutningsterminaler:<\/h2>\n<ul>\n<li><strong>Elektriske paneler:<\/strong> Tilslut ledninger til afbrydere og andre komponenter.<\/li>\n<li><strong style=\"color: #555555; font-size: 14.4px;\">Elektroniske enheder:<\/strong><span style=\"color: #555555; font-size: 14.4px;\"> Tilslut interne komponenter og eksterne kabler.<\/span><\/li>\n<li><strong style=\"color: #555555; font-size: 14.4px;\">Industrielt udstyr:<\/strong><span style=\"color: #555555; font-size: 14.4px;\"> Tilslut motorer, sensorer og andre enheder.<\/span><\/li>\n<li><strong style=\"color: #555555; font-size: 14.4px;\">Automotive Systems:<\/strong><span style=\"color: #555555; font-size: 14.4px;\"> Forbind ledninger til forskellige elektriske komponenter.<\/span><\/li>\n<li><strong style=\"color: #555555; font-size: 14.4px;\">Hvidevarer til hjemmet:<\/strong><span style=\"color: #555555; font-size: 14.4px;\"> Tilslut str\u00f8mkabler og interne komponenter.<\/span><\/li>\n<\/ul>\n<p>Korrekt installation af tilslutningsklemmer er afg\u00f8rende for sikre og p\u00e5lidelige elektriske systemer. Se producentens anvisninger, eller s\u00f8g professionel vejledning til specifikke anvendelser.<\/p>","protected":false},"excerpt":{"rendered":"<p>Forbindelsesterminaler er vigtige komponenter i elektriske og elektroniske systemer. De fungerer som forbindelsespunkter, hvor elektriske ledere, som f.eks. ledninger eller kabler, forbindes til andre komponenter eller enheder. Disse terminaler sikrer et p\u00e5lideligt og sikkert flow af elektrisk str\u00f8m.<\/p>\n<h2 data-sourcepos=\"21:1-21:58\">Vigtige overvejelser ved valg af tilslutningsterminaler:<\/h2>\n<ul>\n<li><strong>Nuv\u00e6rende kapacitet:<\/strong> S\u00f8rg for, at terminalen kan h\u00e5ndtere den n\u00f8dvendige str\u00f8m.<\/li>\n<li><strong>Sp\u00e6ndingsniveau:<\/strong> V\u00e6lg klemmer, der passer til driftssp\u00e6ndingen.<\/li>\n<li><strong>Ledningsst\u00f8rrelse:<\/strong> V\u00e6lg klemmer, der er kompatible med den tr\u00e5dtykkelse, du bruger.<\/li>\n<li><strong>Installationsmetode:<\/strong> Overvej, om det er nemt at installere og hvilke v\u00e6rkt\u00f8jer, der kr\u00e6ves.<\/li>\n<li><strong>Milj\u00f8m\u00e6ssige faktorer:<\/strong> Hvis terminalen skal uds\u00e6ttes for barske forhold, skal du v\u00e6lge en med passende beskyttelse.<\/li>\n<\/ul>\n<p>Vi kan skr\u00e6ddersy terminaler med forskellige specifikationer. Uanset om den bruges i store maskiner eller s\u00e5 lille som p\u00e5 et printkort, kan vi lave terminaler, der opfylder dine specifikationer. Med hensyn til materialer kan vi galvanisere, bruge aluminium, kobber og s\u00e5 videre i henhold til dine krav.<\/p>\n<p>&nbsp;<\/p>","protected":false},"featured_media":2171,"template":"","meta":[],"product_cat":[39],"product_tag":[],"_links":{"self":[{"href":"https:\/\/thepcba.com\/da\/wp-json\/wp\/v2\/product\/2170"}],"collection":[{"href":"https:\/\/thepcba.com\/da\/wp-json\/wp\/v2\/product"}],"about":[{"href":"https:\/\/thepcba.com\/da\/wp-json\/wp\/v2\/types\/product"}],"wp:featuredmedia":[{"embeddable":true,"href":"https:\/\/thepcba.com\/da\/wp-json\/wp\/v2\/media\/2171"}],"wp:attachment":[{"href":"https:\/\/thepcba.com\/da\/wp-json\/wp\/v2\/media?parent=2170"}],"wp:term":[{"taxonomy":"product_cat","embeddable":true,"href":"https:\/\/thepcba.com\/da\/wp-json\/wp\/v2\/product_cat?post=2170"},{"taxonomy":"product_tag","embeddable":true,"href":"https:\/\/thepcba.com\/da\/wp-json\/wp\/v2\/product_tag?post=2170"}],"curies":[{"name":"wp","href":"https:\/\/api.w.org\/{rel}","templated":true}]}}