{"id":1700,"date":"2024-07-16T08:29:25","date_gmt":"2024-07-16T08:29:25","guid":{"rendered":"https:\/\/thepcba.com\/?post_type=product&#038;p=1700"},"modified":"2024-07-16T08:30:13","modified_gmt":"2024-07-16T08:30:13","slug":"custom-metal-enclosures","status":"publish","type":"product","link":"https:\/\/thepcba.com\/da\/manufacturer\/custom-metal-enclosures\/","title":{"rendered":"Tilpassede metalkabinetter"},"content":{"rendered":"<p data-sourcepos=\"3:1-3:306\">Inden for elektronik, hvor innovation er i h\u00f8js\u00e6det, kommer standardl\u00f8sninger ofte til kort. Det er her, specialfremstillede metalkabinetter kommer ind i billedet og passer perfekt til dine unikke elektroniske kreationer. Disse kabinetter, der er omhyggeligt udformet af robuste materialer som aluminium eller rustfrit st\u00e5l, er designet og bygget efter dine n\u00f8jagtige specifikationer.<\/p>\n<h4 data-sourcepos=\"5:1-5:91\"><strong>T\u00e6nk p\u00e5 dem som et skr\u00e6ddersyet jakkes\u00e6t til din elektronik, der giver en r\u00e6kke fordele:<\/strong><\/h4>\n<ul data-sourcepos=\"7:1-7:13\">\n<li data-sourcepos=\"7:1-7:13\"><strong>Uovertruffen pr\u00e6cision:<\/strong> Opn\u00e5 perfekte dimensioner og konfigurationer, der sikrer problemfri integration af dine elektroniske komponenter.<\/li>\n<li data-sourcepos=\"8:1-8:102\"><strong>Forbedret funktionalitet:<\/strong> Designfunktioner som ventilations\u00e5bninger, udsk\u00e6ringer og integrerede monteringspunkter for at optimere ydeevnen.<\/li>\n<li data-sourcepos=\"9:1-9:128\"><strong>Uovertruffen beskyttelse:<\/strong> Beskyt din f\u00f8lsomme elektronik mod fysisk p\u00e5virkning, st\u00f8v, fugt og EMI-forstyrrelser.<\/li>\n<li data-sourcepos=\"10:1-11:0\"><strong>Professionel \u00e6stetik:<\/strong> Udtryk din brandidentitet med et slankt, specialdesignet kabinet, der passer til din elektronik.<\/li>\n<\/ul>\n<h4 data-sourcepos=\"12:1-12:111\"><strong>Specialfremstillede metalkabinetter passer til en lang r\u00e6kke elektroniske anvendelser, og det er kun fantasien, der s\u00e6tter gr\u00e6nser:<\/strong><\/h4>\n<ul data-sourcepos=\"14:1-14:123\">\n<li data-sourcepos=\"14:1-14:123\"><strong>Prototyping og udvikling:<\/strong> Skab funktionelle indkapslinger til dine prototyper, og fremskynd udviklingsprocessen.<\/li>\n<li data-sourcepos=\"15:1-15:117\"><strong>Industriel automatisering:<\/strong> Design tilpassede kabinetter til kontrolpaneler, sensorer og andet udstyr p\u00e5 fabrikker.<\/li>\n<li data-sourcepos=\"16:1-16:106\"><strong>Medicinsk udstyr:<\/strong> Fremstil kabinetter, der lever op til strenge medicinske standarder for sikkerhed og hygiejne.<\/li>\n<li data-sourcepos=\"17:1-17:114\"><strong>Telekommunikation:<\/strong> Udvikle tilpassede kabinetter til netv\u00e6rksudstyr, der sikrer p\u00e5lidelig signaloverf\u00f8rsel.<\/li>\n<li data-sourcepos=\"18:1-19:0\"><strong>Forbrugerelektronik:<\/strong> Lav unikke kabinetter til dine innovative elektroniske produkter, s\u00e5 dit brand skiller sig ud.<\/li>\n<\/ul>\n<h4 data-sourcepos=\"20:1-20:70\"><strong>Processen med at skabe et skr\u00e6ddersyet metalkabinet er en samarbejdsproces:<\/strong><\/h4>\n<ul data-sourcepos=\"22:1-26:0\">\n<li data-sourcepos=\"22:1-22:102\"><strong>Diskuter dine behov:<\/strong> Del din vision og dine krav til funktionalitet med erfarne ingeni\u00f8rer.<\/li>\n<li data-sourcepos=\"23:1-23:105\"><strong>V\u00e6r med til at skabe designet:<\/strong> Samarbejd med designere om at oms\u00e6tte dine ideer til detaljerede tekniske tegninger.<\/li>\n<li data-sourcepos=\"24:1-24:112\"><strong>Lav prototyper og finpuds dem:<\/strong> Lav en prototype af kabinettet for at sikre fejlfri form og funktion f\u00f8r masseproduktion.<\/li>\n<li data-sourcepos=\"25:1-26:0\"><strong>Fremstilling af h\u00f8j kvalitet:<\/strong> Udnyt avancerede metalfremstillingsteknikker til et overlegent f\u00e6rdigt produkt.<\/li>\n<\/ul>","protected":false},"excerpt":{"rendered":"<p>Ved at investere i specialfremstillede metalkabinetter beskytter du ikke bare din elektronik, du giver ogs\u00e5 liv til din unikke vision. Du skaber en unik l\u00f8sning, der integreres perfekt med dit elektroniske mesterv\u00e6rk.<\/p>","protected":false},"featured_media":1701,"template":"","meta":[],"product_cat":[38],"product_tag":[],"_links":{"self":[{"href":"https:\/\/thepcba.com\/da\/wp-json\/wp\/v2\/product\/1700"}],"collection":[{"href":"https:\/\/thepcba.com\/da\/wp-json\/wp\/v2\/product"}],"about":[{"href":"https:\/\/thepcba.com\/da\/wp-json\/wp\/v2\/types\/product"}],"wp:featuredmedia":[{"embeddable":true,"href":"https:\/\/thepcba.com\/da\/wp-json\/wp\/v2\/media\/1701"}],"wp:attachment":[{"href":"https:\/\/thepcba.com\/da\/wp-json\/wp\/v2\/media?parent=1700"}],"wp:term":[{"taxonomy":"product_cat","embeddable":true,"href":"https:\/\/thepcba.com\/da\/wp-json\/wp\/v2\/product_cat?post=1700"},{"taxonomy":"product_tag","embeddable":true,"href":"https:\/\/thepcba.com\/da\/wp-json\/wp\/v2\/product_tag?post=1700"}],"curies":[{"name":"wp","href":"https:\/\/api.w.org\/{rel}","templated":true}]}}