{"id":1697,"date":"2024-07-16T08:22:03","date_gmt":"2024-07-16T08:22:03","guid":{"rendered":"https:\/\/thepcba.com\/?post_type=product&#038;p=1697"},"modified":"2024-07-16T08:22:10","modified_gmt":"2024-07-16T08:22:10","slug":"metal-enclosures-for-electronics","status":"publish","type":"product","link":"https:\/\/thepcba.com\/da\/manufacturer\/metal-enclosures-for-electronics\/","title":{"rendered":"Metalkabinetter til elektronik"},"content":{"rendered":"<p data-sourcepos=\"3:1-3:264\">I den dynamiske elektronikverden er det altafg\u00f8rende at beskytte dine vitale komponenter. Metalkabinetter, der er fremstillet af robuste materialer som aluminium eller rustfrit st\u00e5l, fungerer som vogtere af dine elektroniske enheder og sikrer, at de fungerer problemfrit og har en lang levetid.<\/p>\n<h4 data-sourcepos=\"5:1-5:70\"><strong>Forestil dig dem som en rustning med et v\u00e6ld af fordele:<\/strong><\/h4>\n<ul data-sourcepos=\"7:1-9:35\">\n<li data-sourcepos=\"7:1-7:128\"><strong>Holdbarhed:<\/strong> Modst\u00e5r fysisk p\u00e5virkning, st\u00f8v, fugt og korrosion og beskytter din elektronik i barske milj\u00f8er.<\/li>\n<li data-sourcepos=\"8:1-8:138\"><strong>Afsk\u00e6rmning mod elektromagnetisk interferens (EMI):<\/strong> Bloker u\u00f8nskede elektromagnetiske signaler, der kan forstyrre driften af dine enheder.<\/li>\n<li data-sourcepos=\"9:1-9:35\"><strong>Varmeafledning:<\/strong> H\u00e5ndterer effektivt den varme, der genereres af elektroniske komponenter, og forhindrer overophedning og funktionsfejl.<\/li>\n<li data-sourcepos=\"10:1-11:0\"><strong>Professionel fremtoning:<\/strong> Forbedr \u00e6stetikken i dine projekter med et elegant og professionelt udseende.<\/li>\n<\/ul>\n<h4 data-sourcepos=\"12:1-12:161\"><strong>Metalkabinetter findes i et stort udvalg af former, st\u00f8rrelser og konfigurationer for at im\u00f8dekomme dine specifikke behov. Her er et indblik i deres forskellige anvendelsesmuligheder:<\/strong><\/h4>\n<ul data-sourcepos=\"14:1-16:129\">\n<li data-sourcepos=\"14:1-14:121\"><strong>Industriel automatisering:<\/strong> Indkapsling af kontrolpaneler, sensorer og andet udstyr p\u00e5 fabriksgulve og produktionslinjer.<\/li>\n<li data-sourcepos=\"15:1-15:114\"><strong>Forbrugerelektronik:<\/strong> Beskytter sarte komponenter i fjernsyn, spillekonsoller og lydudstyr.<\/li>\n<li data-sourcepos=\"16:1-16:129\"><strong>Telekommunikation:<\/strong> Beskytter netv\u00e6rksroutere, switche og andre kommunikationsenheder for p\u00e5lidelig signaloverf\u00f8rsel.<\/li>\n<li data-sourcepos=\"17:1-17:118\"><strong>Medicinsk udstyr:<\/strong> Et sikkert og rent milj\u00f8 for medicinske instrumenter, der bruges p\u00e5 hospitaler og klinikker.<\/li>\n<li data-sourcepos=\"18:1-19:0\"><strong>Videnskabelig forskning:<\/strong> Beskyttelse af v\u00e6rdifulde instrumenter, der bruges i laboratorier og forskningsfaciliteter.<\/li>\n<\/ul>\n<h4 data-sourcepos=\"20:1-20:89\"><strong>At v\u00e6lge det rigtige metalkabinet kr\u00e6ver omhyggelig overvejelse af flere faktorer:<\/strong><\/h4>\n<ul data-sourcepos=\"22:1-27:0\">\n<li data-sourcepos=\"22:1-22:123\"><strong>Materiale:<\/strong> V\u00e6lg aluminium for en balance mellem v\u00e6gt og styrke eller rustfrit st\u00e5l for overlegen korrosionsbestandighed.<\/li>\n<li data-sourcepos=\"23:1-23:135\"><strong>St\u00f8rrelse og form:<\/strong> S\u00f8rg for, at kabinettet har god plads til dine komponenter og giver mulighed for ordentlig ventilation og kabeladgang.<\/li>\n<li data-sourcepos=\"24:1-24:145\"><strong>IP-klassificering:<\/strong> V\u00e6lg et kabinet med en passende IP-klassificering (Ingress Protection), s\u00e5 det kan modst\u00e5 st\u00f8v og vand i dit milj\u00f8.<\/li>\n<li data-sourcepos=\"25:1-25:123\"><strong>Muligheder for montering:<\/strong> Overvej, hvordan du vil montere kabinettet (v\u00e6gmontering, bordmontering, rackmontering) for at optimere pladsudnyttelsen.<\/li>\n<li data-sourcepos=\"26:1-27:0\"><strong>Tilpasning:<\/strong> Udforsk pr\u00e6modificerede eller fuldt tilpassede kabinetter, der passer perfekt til dit projekts krav.<\/li>\n<\/ul>","protected":false},"excerpt":{"rendered":"<p>Ved at investere i et metalkabinet af h\u00f8j kvalitet beskytter du ikke bare din elektronik, du l\u00e6gger ogs\u00e5 grunden til et p\u00e5lideligt, effektivt og professionelt elektronisk system.<\/p>","protected":false},"featured_media":1698,"template":"","meta":[],"product_cat":[38],"product_tag":[],"_links":{"self":[{"href":"https:\/\/thepcba.com\/da\/wp-json\/wp\/v2\/product\/1697"}],"collection":[{"href":"https:\/\/thepcba.com\/da\/wp-json\/wp\/v2\/product"}],"about":[{"href":"https:\/\/thepcba.com\/da\/wp-json\/wp\/v2\/types\/product"}],"wp:featuredmedia":[{"embeddable":true,"href":"https:\/\/thepcba.com\/da\/wp-json\/wp\/v2\/media\/1698"}],"wp:attachment":[{"href":"https:\/\/thepcba.com\/da\/wp-json\/wp\/v2\/media?parent=1697"}],"wp:term":[{"taxonomy":"product_cat","embeddable":true,"href":"https:\/\/thepcba.com\/da\/wp-json\/wp\/v2\/product_cat?post=1697"},{"taxonomy":"product_tag","embeddable":true,"href":"https:\/\/thepcba.com\/da\/wp-json\/wp\/v2\/product_tag?post=1697"}],"curies":[{"name":"wp","href":"https:\/\/api.w.org\/{rel}","templated":true}]}}