{"id":2238,"date":"2024-10-24T09:30:07","date_gmt":"2024-10-24T09:30:07","guid":{"rendered":"https:\/\/thepcba.com\/manufacturer\/iray-battery-kv-x-ray-machine-battery\/"},"modified":"2024-10-25T03:48:15","modified_gmt":"2024-10-25T03:48:15","slug":"iray-battery-kv-x-ray-machine-battery","status":"publish","type":"product","link":"https:\/\/thepcba.com\/cs\/manufacturer\/iray-battery-kv-x-ray-machine-battery\/","title":{"rendered":"Baterie pro rentgenov\u00fd p\u0159\u00edstroj iRay BATTERY-KV"},"content":{"rendered":"","protected":false},"excerpt":{"rendered":"<p>Barva\uff1a b\u00edl\u00e1<br \/>\nTyp\uff1a Li-ion<br \/>\nNap\u011bt\u00ed\uff1a10,8V<br \/>\nKapacita\uff1a4180mAh<br \/>\nHmotnost\uff1a 220g<br \/>\nVelikost\uff1a210*118*8mm<\/p>","protected":false},"featured_media":2304,"template":"","meta":[],"product_cat":[40],"product_tag":[],"_links":{"self":[{"href":"https:\/\/thepcba.com\/cs\/wp-json\/wp\/v2\/product\/2238"}],"collection":[{"href":"https:\/\/thepcba.com\/cs\/wp-json\/wp\/v2\/product"}],"about":[{"href":"https:\/\/thepcba.com\/cs\/wp-json\/wp\/v2\/types\/product"}],"wp:featuredmedia":[{"embeddable":true,"href":"https:\/\/thepcba.com\/cs\/wp-json\/wp\/v2\/media\/2304"}],"wp:attachment":[{"href":"https:\/\/thepcba.com\/cs\/wp-json\/wp\/v2\/media?parent=2238"}],"wp:term":[{"taxonomy":"product_cat","embeddable":true,"href":"https:\/\/thepcba.com\/cs\/wp-json\/wp\/v2\/product_cat?post=2238"},{"taxonomy":"product_tag","embeddable":true,"href":"https:\/\/thepcba.com\/cs\/wp-json\/wp\/v2\/product_tag?post=2238"}],"curies":[{"name":"wp","href":"https:\/\/api.w.org\/{rel}","templated":true}]}}