{"id":2164,"date":"2024-10-07T02:52:11","date_gmt":"2024-10-07T02:52:11","guid":{"rendered":"https:\/\/thepcba.com\/?post_type=product&#038;p=2164"},"modified":"2024-10-07T03:01:47","modified_gmt":"2024-10-07T03:01:47","slug":"data-transfer-cable","status":"publish","type":"product","link":"https:\/\/thepcba.com\/cs\/manufacturer\/data-transfer-cable\/","title":{"rendered":"Kabel pro p\u0159enos dat"},"content":{"rendered":"<h2>P\u0159izp\u016fsobiteln\u00fd kabel pro p\u0159enos dat: P\u0159izp\u016fsobte si p\u0159ipojen\u00ed na m\u00edru<\/h2>\n<div class=\"auto-hide-last-sibling-br paragraph-u1TS5p paragraph-element br-paragraph-space\">Kabel pro p\u0159enos dat je nezbytn\u00fdm p\u0159\u00edslu\u0161enstv\u00edm pro v\u0161echny va\u0161e pot\u0159eby p\u0159enosu dat. Tento kabel je vyroben s ohledem na p\u0159esnost a odolnost a nab\u00edz\u00ed bezprobl\u00e9mov\u00fd a efektivn\u00ed p\u0159enos dat mezi r\u016fzn\u00fdmi za\u0159\u00edzen\u00edmi.<\/div>\n<div><\/div>\n<div class=\"auto-hide-last-sibling-br paragraph-u1TS5p paragraph-element br-paragraph-space\">N\u00e1\u0161 kabel se vyzna\u010duje mo\u017enost\u00ed p\u0159izp\u016fsoben\u00ed. Ch\u00e1peme, \u017ee ka\u017ed\u00fd u\u017eivatel m\u00e1 jedine\u010dn\u00e9 po\u017eadavky, a proto nab\u00edz\u00edme mo\u017enost p\u0159izp\u016fsobit si kabel na m\u00edru. A\u0165 u\u017e pot\u0159ebujete konkr\u00e9tn\u00ed d\u00e9lku, konkr\u00e9tn\u00ed barvu nebo jedine\u010dn\u00fd design konektoru, m\u016f\u017eeme v\u00e1m to splnit.<\/div>\n<div><\/div>\n<div class=\"auto-hide-last-sibling-br paragraph-u1TS5p paragraph-element br-paragraph-space\">N\u00e1\u0161 t\u00fdm odborn\u00edk\u016f se sna\u017e\u00ed zajistit, aby v\u00e1\u0161 kabel pro p\u0159enos dat spl\u0148oval nejvy\u0161\u0161\u00ed standardy kvality a v\u00fdkonu. Pou\u017e\u00edv\u00e1me pouze ty nejlep\u0161\u00ed materi\u00e1ly, abychom zajistili dlouhou \u017eivotnost a spolehliv\u00fd p\u0159enos dat.<\/div>\n<div><\/div>\n<div class=\"auto-hide-last-sibling-br paragraph-u1TS5p paragraph-element br-paragraph-space\">S na\u0161\u00edm p\u0159izp\u016fsobiteln\u00fdm kabelem pro p\u0159enos dat si m\u016f\u017eete p\u0159izp\u016fsobit z\u00e1\u017eitek z p\u0159ipojen\u00ed a ud\u011blat si ho skute\u010dn\u011b sv\u016fj. A\u0165 u\u017e pro osobn\u00ed nebo profesion\u00e1ln\u00ed pou\u017eit\u00ed, tento kabel je dokonal\u00fdm \u0159e\u0161en\u00edm pro v\u0161echny va\u0161e pot\u0159eby v oblasti p\u0159enosu dat. Vylep\u0161ete svou konektivitu je\u0161t\u011b dnes pomoc\u00ed kabelu pro p\u0159enos dat na m\u00edru.<\/div>","protected":false},"excerpt":{"rendered":"<h3 class=\"text-4 text-info mb-200\">Kl\u00ed\u010dov\u00e9 specifikace<\/h3>\n<ul>\n<li>D\u00e9lka kabelu: <span style=\"color: #333333; font-size: 14.4px;\">4 stopy nebo vlastn\u00ed<\/span><\/li>\n<li><span style=\"color: #333333; font-size: 14.4px;\">Typ konektoru (konec 1): <\/span><span style=\"color: #333333; font-size: 14.4px;\">TYPE-C <\/span><\/li>\n<li><span style=\"color: #333333; font-size: 14.4px;\">Typ konektoru (konec 2): <\/span><span style=\"color: #333333; font-size: 14.4px;\">USB-C nebo TYPE-C<\/span><\/li>\n<li><span style=\"color: #333333; font-size: 14.4px;\">Maxim\u00e1ln\u00ed rychlost p\u0159enosu dat<\/span><span style=\"color: #333333; font-size: 14.4px;\">: 480 megabit\u016f za sekundu<\/span><\/li>\n<li><span style=\"color: #333333; font-size: 14.4px;\">Materi\u00e1l: <\/span><span style=\"color: #333333; font-size: 14.4px;\">PVC<\/span><\/li>\n<li>Barva: \u010dern\u00e1, b\u00edl\u00e1 nebo vlastn\u00ed<\/li>\n<\/ul>\n<div class=\"zebra-row flex p-200 justify-content-between body-copy-lg\"><\/div>","protected":false},"featured_media":2166,"template":"","meta":[],"product_cat":[39],"product_tag":[],"_links":{"self":[{"href":"https:\/\/thepcba.com\/cs\/wp-json\/wp\/v2\/product\/2164"}],"collection":[{"href":"https:\/\/thepcba.com\/cs\/wp-json\/wp\/v2\/product"}],"about":[{"href":"https:\/\/thepcba.com\/cs\/wp-json\/wp\/v2\/types\/product"}],"wp:featuredmedia":[{"embeddable":true,"href":"https:\/\/thepcba.com\/cs\/wp-json\/wp\/v2\/media\/2166"}],"wp:attachment":[{"href":"https:\/\/thepcba.com\/cs\/wp-json\/wp\/v2\/media?parent=2164"}],"wp:term":[{"taxonomy":"product_cat","embeddable":true,"href":"https:\/\/thepcba.com\/cs\/wp-json\/wp\/v2\/product_cat?post=2164"},{"taxonomy":"product_tag","embeddable":true,"href":"https:\/\/thepcba.com\/cs\/wp-json\/wp\/v2\/product_tag?post=2164"}],"curies":[{"name":"wp","href":"https:\/\/api.w.org\/{rel}","templated":true}]}}