{"id":1700,"date":"2024-07-16T08:29:25","date_gmt":"2024-07-16T08:29:25","guid":{"rendered":"https:\/\/thepcba.com\/?post_type=product&#038;p=1700"},"modified":"2024-07-16T08:30:13","modified_gmt":"2024-07-16T08:30:13","slug":"custom-metal-enclosures","status":"publish","type":"product","link":"https:\/\/thepcba.com\/cs\/manufacturer\/custom-metal-enclosures\/","title":{"rendered":"Kovov\u00e9 sk\u0159\u00edn\u011b na zak\u00e1zku"},"content":{"rendered":"<p data-sourcepos=\"3:1-3:306\">V oblasti elektroniky, kde vl\u00e1dnou inovace, jsou standardn\u00ed \u0159e\u0161en\u00ed \u010dasto nedostate\u010dn\u00e1. Proto p\u0159ich\u00e1zej\u00ed na \u0159adu zak\u00e1zkov\u00e9 kovov\u00e9 sk\u0159\u00edn\u011b, kter\u00e9 se dokonale hod\u00ed pro va\u0161e jedine\u010dn\u00e9 elektronick\u00e9 v\u00fdtvory. Tyto sk\u0159\u00edn\u011b, pe\u010dliv\u011b vyroben\u00e9 z robustn\u00edch materi\u00e1l\u016f, jako je hlin\u00edk nebo nerezov\u00e1 ocel, jsou navr\u017eeny a vyrobeny p\u0159esn\u011b podle va\u0161ich po\u017eadavk\u016f.<\/p>\n<h4 data-sourcepos=\"5:1-5:91\"><strong>P\u0159edstavte si je jako oblek na m\u00edru pro va\u0161i elektroniku, kter\u00fd p\u0159in\u00e1\u0161\u00ed \u0159adu v\u00fdhod:<\/strong><\/h4>\n<ul data-sourcepos=\"7:1-7:13\">\n<li data-sourcepos=\"7:1-7:13\"><strong>Bezkonkuren\u010dn\u00ed p\u0159esnost:<\/strong> Dos\u00e1hn\u011bte dokonal\u00fdch rozm\u011br\u016f a konfigurac\u00ed, kter\u00e9 zajist\u00ed bezprobl\u00e9movou integraci va\u0161ich elektronick\u00fdch komponent.<\/li>\n<li data-sourcepos=\"8:1-8:102\"><strong>Roz\u0161\u00ed\u0159en\u00e1 funk\u010dnost:<\/strong> Konstruk\u010dn\u00ed prvky, jako jsou v\u011btrac\u00ed otvory, v\u00fd\u0159ezy a integrovan\u00e9 mont\u00e1\u017en\u00ed body pro optimalizaci v\u00fdkonu.<\/li>\n<li data-sourcepos=\"9:1-9:128\"><strong>Bezkonkuren\u010dn\u00ed ochrana:<\/strong> Chra\u0148te citlivou elektroniku p\u0159ed fyzick\u00fdmi n\u00e1razy, prachem, vlhkost\u00ed a ru\u0161en\u00edm EMI.<\/li>\n<li data-sourcepos=\"10:1-11:0\"><strong>Profesion\u00e1ln\u00ed estetika:<\/strong> Vyj\u00e1d\u0159ete identitu sv\u00e9 zna\u010dky elegantn\u00edm krytem s vlastn\u00edm designem, kter\u00fd dopln\u00ed va\u0161i elektroniku.<\/li>\n<\/ul>\n<h4 data-sourcepos=\"12:1-12:111\"><strong>Zak\u00e1zkov\u00e9 kovov\u00e9 sk\u0159\u00edn\u011b jsou vhodn\u00e9 pro \u0161irokou \u0161k\u00e1lu elektronick\u00fdch aplikac\u00ed, omezen\u00fdch pouze va\u0161\u00ed p\u0159edstavivost\u00ed:<\/strong><\/h4>\n<ul data-sourcepos=\"14:1-14:123\">\n<li data-sourcepos=\"14:1-14:123\"><strong>Vytv\u00e1\u0159en\u00ed prototyp\u016f a v\u00fdvoj:<\/strong> Vytv\u00e1\u0159ejte funk\u010dn\u00ed kryty pro sv\u00e9 prototypy a urychlete tak proces v\u00fdvoje.<\/li>\n<li data-sourcepos=\"15:1-15:117\"><strong>Pr\u016fmyslov\u00e1 automatizace:<\/strong> Navrhujte zak\u00e1zkov\u00e9 sk\u0159\u00edn\u011b pro ovl\u00e1dac\u00ed panely, senzory a dal\u0161\u00ed za\u0159\u00edzen\u00ed v tov\u00e1rn\u00e1ch.<\/li>\n<li data-sourcepos=\"16:1-16:106\"><strong>Zdravotnick\u00e9 prost\u0159edky:<\/strong> Vyr\u00e1b\u011bjte kryty, kter\u00e9 spl\u0148uj\u00ed p\u0159\u00edsn\u00e9 l\u00e9ka\u0159sk\u00e9 normy pro bezpe\u010dnost a hygienu.<\/li>\n<li data-sourcepos=\"17:1-17:114\"><strong>Telekomunikace:<\/strong> Vyv\u00edjejte vlastn\u00ed kryty pro s\u00ed\u0165ov\u00e1 za\u0159\u00edzen\u00ed a zajist\u011bte spolehliv\u00fd p\u0159enos sign\u00e1lu.<\/li>\n<li data-sourcepos=\"18:1-19:0\"><strong>Spot\u0159ebn\u00ed elektronika:<\/strong> Vytvo\u0159te jedine\u010dn\u00e9 kryty pro sv\u00e9 inovativn\u00ed elektronick\u00e9 produkty a odli\u0161te svou zna\u010dku.<\/li>\n<\/ul>\n<h4 data-sourcepos=\"20:1-20:70\"><strong>Proces tvorby kovov\u00e9 sk\u0159\u00edn\u011b na zak\u00e1zku prob\u00edh\u00e1 ve spolupr\u00e1ci:<\/strong><\/h4>\n<ul data-sourcepos=\"22:1-26:0\">\n<li data-sourcepos=\"22:1-22:102\"><strong>Proberte sv\u00e9 pot\u0159eby:<\/strong> Pod\u011blte se o sv\u00e9 vize a po\u017eadavky na funkce se zku\u0161en\u00fdmi in\u017een\u00fdry.<\/li>\n<li data-sourcepos=\"23:1-23:105\"><strong>Spoluvytv\u00e1\u0159ejte design:<\/strong> Spolupracujte s design\u00e9ry a p\u0159ev\u00e1d\u011bjte sv\u00e9 n\u00e1pady do podrobn\u00fdch technick\u00fdch v\u00fdkres\u016f.<\/li>\n<li data-sourcepos=\"24:1-24:112\"><strong>Vytvo\u0159en\u00ed prototypu a jeho zdokonalen\u00ed:<\/strong> P\u0159ed s\u00e9riovou v\u00fdrobou vytvo\u0159te prototyp sk\u0159\u00edn\u011b, abyste zajistili bezchybn\u00fd tvar a funkci.<\/li>\n<li data-sourcepos=\"25:1-26:0\"><strong>Vysoce kvalitn\u00ed v\u00fdroba:<\/strong> Vyu\u017eijte pokro\u010dil\u00e9 techniky v\u00fdroby kov\u016f pro dosa\u017een\u00ed vynikaj\u00edc\u00edho kone\u010dn\u00e9ho produktu.<\/li>\n<\/ul>","protected":false},"excerpt":{"rendered":"<p>Investic\u00ed do kovov\u00fdch kryt\u016f na m\u00edru nejen chr\u00e1n\u00edte svou elektroniku, ale d\u00e1v\u00e1te \u017eivot sv\u00e9 jedine\u010dn\u00e9 vizi. Vytv\u00e1\u0159\u00edte jedine\u010dn\u00e9 \u0159e\u0161en\u00ed, kter\u00e9 dokonale lad\u00ed s va\u0161\u00edm mistrovsk\u00fdm d\u00edlem elektroniky.<\/p>","protected":false},"featured_media":1701,"template":"","meta":[],"product_cat":[38],"product_tag":[],"_links":{"self":[{"href":"https:\/\/thepcba.com\/cs\/wp-json\/wp\/v2\/product\/1700"}],"collection":[{"href":"https:\/\/thepcba.com\/cs\/wp-json\/wp\/v2\/product"}],"about":[{"href":"https:\/\/thepcba.com\/cs\/wp-json\/wp\/v2\/types\/product"}],"wp:featuredmedia":[{"embeddable":true,"href":"https:\/\/thepcba.com\/cs\/wp-json\/wp\/v2\/media\/1701"}],"wp:attachment":[{"href":"https:\/\/thepcba.com\/cs\/wp-json\/wp\/v2\/media?parent=1700"}],"wp:term":[{"taxonomy":"product_cat","embeddable":true,"href":"https:\/\/thepcba.com\/cs\/wp-json\/wp\/v2\/product_cat?post=1700"},{"taxonomy":"product_tag","embeddable":true,"href":"https:\/\/thepcba.com\/cs\/wp-json\/wp\/v2\/product_tag?post=1700"}],"curies":[{"name":"wp","href":"https:\/\/api.w.org\/{rel}","templated":true}]}}