{"id":1697,"date":"2024-07-16T08:22:03","date_gmt":"2024-07-16T08:22:03","guid":{"rendered":"https:\/\/thepcba.com\/?post_type=product&#038;p=1697"},"modified":"2024-07-16T08:22:10","modified_gmt":"2024-07-16T08:22:10","slug":"metal-enclosures-for-electronics","status":"publish","type":"product","link":"https:\/\/thepcba.com\/cs\/manufacturer\/metal-enclosures-for-electronics\/","title":{"rendered":"Kovov\u00e9 sk\u0159\u00edn\u011b pro elektroniku"},"content":{"rendered":"<p data-sourcepos=\"3:1-3:264\">V dynamick\u00e9m sv\u011bt\u011b elektroniky je ochrana \u017eivotn\u011b d\u016fle\u017eit\u00fdch sou\u010d\u00e1st\u00ed nejd\u016fle\u017eit\u011bj\u0161\u00ed. Kovov\u00e9 sk\u0159\u00edn\u011b vyroben\u00e9 z odoln\u00fdch materi\u00e1l\u016f, jako je hlin\u00edk nebo nerezov\u00e1 ocel, slou\u017e\u00ed jako str\u00e1\u017eci va\u0161ich elektronick\u00fdch za\u0159\u00edzen\u00ed a zaji\u0161\u0165uj\u00ed jejich bezprobl\u00e9mov\u00fd provoz a dlouhou \u017eivotnost.<\/p>\n<h4 data-sourcepos=\"5:1-5:70\"><strong>P\u0159edstavte si je jako brn\u011bn\u00ed, kter\u00e9 nab\u00edz\u00ed \u0159adu v\u00fdhod:<\/strong><\/h4>\n<ul data-sourcepos=\"7:1-9:35\">\n<li data-sourcepos=\"7:1-7:128\"><strong>Odolnost:<\/strong> Odol\u00e1vaj\u00ed fyzick\u00fdm n\u00e1raz\u016fm, prachu, vlhkosti a korozi a chr\u00e1n\u00ed va\u0161i elektroniku v n\u00e1ro\u010dn\u00fdch podm\u00ednk\u00e1ch.<\/li>\n<li data-sourcepos=\"8:1-8:138\"><strong>St\u00edn\u011bn\u00ed proti elektromagnetick\u00e9mu ru\u0161en\u00ed (EMI):<\/strong> Blokujte ne\u017e\u00e1douc\u00ed elektromagnetick\u00e9 sign\u00e1ly, kter\u00e9 mohou naru\u0161it provoz va\u0161ich za\u0159\u00edzen\u00ed.<\/li>\n<li data-sourcepos=\"9:1-9:35\"><strong>Odvod tepla:<\/strong> Efektivn\u011b \u0159\u00edd\u00ed teplo generovan\u00e9 elektronick\u00fdmi sou\u010d\u00e1stmi, \u010d\u00edm\u017e zabra\u0148uje p\u0159eh\u0159\u00e1t\u00ed a poruch\u00e1m.<\/li>\n<li data-sourcepos=\"10:1-11:0\"><strong>Profesion\u00e1ln\u00ed vzhled:<\/strong> Vylep\u0161ete estetiku sv\u00fdch projekt\u016f elegantn\u00edm a profesion\u00e1ln\u00edm vzhledem.<\/li>\n<\/ul>\n<h4 data-sourcepos=\"12:1-12:161\"><strong>Kovov\u00e9 sk\u0159\u00edn\u011b se dod\u00e1vaj\u00ed v \u0161irok\u00e9 \u0161k\u00e1le tvar\u016f, velikost\u00ed a konfigurac\u00ed, kter\u00e9 vyhovuj\u00ed va\u0161im specifick\u00fdm pot\u0159eb\u00e1m. Zde je p\u0159ehled jejich rozmanit\u00fdch aplikac\u00ed:<\/strong><\/h4>\n<ul data-sourcepos=\"14:1-16:129\">\n<li data-sourcepos=\"14:1-14:121\"><strong>Pr\u016fmyslov\u00e1 automatizace:<\/strong> Pouzdro pro ovl\u00e1dac\u00ed panely, senzory a dal\u0161\u00ed za\u0159\u00edzen\u00ed v tov\u00e1rn\u00edch hal\u00e1ch a v\u00fdrobn\u00edch link\u00e1ch.<\/li>\n<li data-sourcepos=\"15:1-15:114\"><strong>Spot\u0159ebn\u00ed elektronika:<\/strong> Chr\u00e1n\u00ed choulostiv\u00e9 sou\u010d\u00e1sti televizor\u016f, hern\u00edch konzol\u00ed a audio za\u0159\u00edzen\u00ed.<\/li>\n<li data-sourcepos=\"16:1-16:129\"><strong>Telekomunikace:<\/strong> Kryt\u00ed s\u00ed\u0165ov\u00fdch sm\u011brova\u010d\u016f, p\u0159ep\u00edna\u010d\u016f a dal\u0161\u00edch komunika\u010dn\u00edch za\u0159\u00edzen\u00ed pro spolehliv\u00fd p\u0159enos sign\u00e1lu.<\/li>\n<li data-sourcepos=\"17:1-17:118\"><strong>Zdravotnick\u00e9 vybaven\u00ed:<\/strong> Zaji\u0161t\u011bn\u00ed bezpe\u010dn\u00e9ho a \u010dist\u00e9ho prost\u0159ed\u00ed pro l\u00e9ka\u0159sk\u00e9 n\u00e1stroje pou\u017e\u00edvan\u00e9 v nemocnic\u00edch a na klinik\u00e1ch.<\/li>\n<li data-sourcepos=\"18:1-19:0\"><strong>V\u011bdeck\u00fd v\u00fdzkum:<\/strong> Ochrana cenn\u00fdch p\u0159\u00edstroj\u016f pou\u017e\u00edvan\u00fdch v laborato\u0159\u00edch a v\u00fdzkumn\u00fdch za\u0159\u00edzen\u00edch.<\/li>\n<\/ul>\n<h4 data-sourcepos=\"20:1-20:89\"><strong>V\u00fdb\u011br spr\u00e1vn\u00e9 kovov\u00e9 sk\u0159\u00edn\u011b vy\u017eaduje pe\u010dliv\u00e9 zv\u00e1\u017een\u00ed n\u011bkolika faktor\u016f:<\/strong><\/h4>\n<ul data-sourcepos=\"22:1-27:0\">\n<li data-sourcepos=\"22:1-22:123\"><strong>Materi\u00e1l:<\/strong> Vyberte si hlin\u00edk pro vyv\u00e1\u017eenou hmotnost a pevnost nebo nerezovou ocel pro vy\u0161\u0161\u00ed odolnost proti korozi.<\/li>\n<li data-sourcepos=\"23:1-23:135\"><strong>Velikost a tvar:<\/strong> Ujist\u011bte se, \u017ee se do sk\u0159\u00edn\u011b pohodln\u011b vejdou va\u0161e komponenty a \u017ee umo\u017e\u0148uje spr\u00e1vn\u00e9 v\u011btr\u00e1n\u00ed a p\u0159\u00edstup ke kabel\u016fm.<\/li>\n<li data-sourcepos=\"24:1-24:145\"><strong>Stupe\u0148 kryt\u00ed IP:<\/strong> Vyberte kryt s odpov\u00eddaj\u00edc\u00edm stupn\u011bm kryt\u00ed IP (Ingress Protection), aby odolal p\u016fsoben\u00ed prachu a vody ve va\u0161em prost\u0159ed\u00ed.<\/li>\n<li data-sourcepos=\"25:1-25:123\"><strong>Mo\u017enosti mont\u00e1\u017ee:<\/strong> Zva\u017ete zp\u016fsob mont\u00e1\u017ee sk\u0159\u00edn\u011b (na st\u011bnu, na st\u016fl, do stojanu), abyste optimalizovali vyu\u017eit\u00ed prostoru.<\/li>\n<li data-sourcepos=\"26:1-27:0\"><strong>P\u0159izp\u016fsoben\u00ed:<\/strong> Prozkoumejte p\u0159edem upraven\u00e9 nebo pln\u011b p\u0159izp\u016fsobiteln\u00e9 sk\u0159\u00edn\u011b, kter\u00e9 dokonale vyhovuj\u00ed po\u017eadavk\u016fm va\u0161eho projektu.<\/li>\n<\/ul>","protected":false},"excerpt":{"rendered":"<p>Investic\u00ed do vysoce kvalitn\u00edch kovov\u00fdch sk\u0159\u00edn\u00ed nejen chr\u00e1n\u00edte svou elektroniku, ale vytv\u00e1\u0159\u00edte z\u00e1klad pro spolehliv\u00fd, efektivn\u00ed a profesion\u00e1ln\u00ed elektronick\u00fd syst\u00e9m.<\/p>","protected":false},"featured_media":1698,"template":"","meta":[],"product_cat":[38],"product_tag":[],"_links":{"self":[{"href":"https:\/\/thepcba.com\/cs\/wp-json\/wp\/v2\/product\/1697"}],"collection":[{"href":"https:\/\/thepcba.com\/cs\/wp-json\/wp\/v2\/product"}],"about":[{"href":"https:\/\/thepcba.com\/cs\/wp-json\/wp\/v2\/types\/product"}],"wp:featuredmedia":[{"embeddable":true,"href":"https:\/\/thepcba.com\/cs\/wp-json\/wp\/v2\/media\/1698"}],"wp:attachment":[{"href":"https:\/\/thepcba.com\/cs\/wp-json\/wp\/v2\/media?parent=1697"}],"wp:term":[{"taxonomy":"product_cat","embeddable":true,"href":"https:\/\/thepcba.com\/cs\/wp-json\/wp\/v2\/product_cat?post=1697"},{"taxonomy":"product_tag","embeddable":true,"href":"https:\/\/thepcba.com\/cs\/wp-json\/wp\/v2\/product_tag?post=1697"}],"curies":[{"name":"wp","href":"https:\/\/api.w.org\/{rel}","templated":true}]}}