{"id":1692,"date":"2024-07-16T08:13:36","date_gmt":"2024-07-16T08:13:36","guid":{"rendered":"https:\/\/thepcba.com\/?post_type=product&#038;p=1692"},"modified":"2024-07-16T08:18:04","modified_gmt":"2024-07-16T08:18:04","slug":"wall-mount-enclosure","status":"publish","type":"product","link":"https:\/\/thepcba.com\/cs\/manufacturer\/wall-mount-enclosure\/","title":{"rendered":"Sk\u0159\u00ed\u0148 pro mont\u00e1\u017e na st\u011bnu"},"content":{"rendered":"<p data-sourcepos=\"3:1-3:339\">Ve sv\u011bt\u011b elektroniky je prostor \u010dasto vz\u00e1cnou komoditou. Proto p\u0159ich\u00e1zej\u00ed ke slovu n\u00e1st\u011bnn\u00e9 sk\u0159\u00edn\u011b, kter\u00e9 nab\u00edzej\u00ed prostorov\u011b \u00fasporn\u00e9 \u0159e\u0161en\u00ed pro ochranu d\u016fle\u017eit\u00fdch za\u0159\u00edzen\u00ed. Tyto sk\u0159\u00edn\u011b, obvykle vyroben\u00e9 z robustn\u00edch materi\u00e1l\u016f, jako je ocel nebo hlin\u00edk, jsou ur\u010deny k bezpe\u010dn\u00e9 mont\u00e1\u017ei p\u0159\u00edmo na st\u011bny, \u010d\u00edm\u017e se maximalizuje prostor na podlaze.<\/p>\n<h4 data-sourcepos=\"5:1-5:89\"><strong>P\u0159edstavte si je jako pl\u00e1\u0161t\u011bnku superhrdiny pro va\u0161i elektroniku, kter\u00e1 poskytuje z\u00e1kladn\u00ed v\u00fdhody:<\/strong><\/h4>\n<ul data-sourcepos=\"7:1-8:79\">\n<li data-sourcepos=\"7:1-7:134\"><strong>Optimalizace prostoru:<\/strong> Uvoln\u011bte cenn\u00fd prostor mont\u00e1\u017e\u00ed za\u0159\u00edzen\u00ed p\u0159\u00edmo na st\u011bnu, co\u017e je ide\u00e1ln\u00ed pro st\u00edsn\u011bn\u00e9 prostory.<\/li>\n<li data-sourcepos=\"8:1-8:79\"><strong>P\u0159\u00edstupnost:<\/strong> Zachovejte si snadn\u00fd p\u0159\u00edstup k za\u0159\u00edzen\u00ed za \u00fa\u010delem \u00fadr\u017eby nebo provozu.<\/li>\n<li data-sourcepos=\"9:1-9:98\"><strong>Ochrana:<\/strong> Chra\u0148te svou elektroniku p\u0159ed prachem, vlhkost\u00ed, fyzick\u00fdmi n\u00e1razy a neopr\u00e1vn\u011bnou manipulac\u00ed.<\/li>\n<li data-sourcepos=\"10:1-11:0\"><strong>Organizace:<\/strong> Udr\u017eujte sv\u00e9 elektrick\u00e9 komponenty uspo\u0159\u00e1dan\u00e9 a nep\u0159ek\u00e1\u017eej\u00edc\u00ed, co\u017e p\u0159isp\u00edv\u00e1 k \u010dist\u00e9mu a profesion\u00e1ln\u00edmu vzhledu.<\/li>\n<\/ul>\n<h4 data-sourcepos=\"12:1-12:141\"><strong>N\u00e1st\u011bnn\u00e9 sk\u0159\u00edn\u011b se dod\u00e1vaj\u00ed v r\u016fzn\u00fdch velikostech a konfigurac\u00edch, aby vyhovovaly va\u0161im specifick\u00fdm pot\u0159eb\u00e1m. Zde jsou n\u011bkter\u00e9 b\u011b\u017en\u00e9 aplikace:<\/strong><\/h4>\n<ul data-sourcepos=\"14:1-16:58\">\n<li data-sourcepos=\"14:1-14:110\"><strong>Pr\u016fmyslov\u00e1 automatizace:<\/strong> Pouzdra pro ovl\u00e1dac\u00ed panely, s\u00ed\u0165ov\u00e9 p\u0159ep\u00edna\u010de a dal\u0161\u00ed za\u0159\u00edzen\u00ed v tov\u00e1rn\u00e1ch.<\/li>\n<li data-sourcepos=\"15:1-15:122\"><strong>Telekomunikace:<\/strong> Ukryt\u00ed s\u00ed\u0165ov\u00fdch sm\u011brova\u010d\u016f, modem\u016f a dal\u0161\u00edch komunika\u010dn\u00edch za\u0159\u00edzen\u00ed v kancel\u00e1\u0159\u00edch a datov\u00fdch centrech.<\/li>\n<li data-sourcepos=\"16:1-16:58\"><strong>Syst\u00e9my \u0159\u00edzen\u00ed budov:<\/strong> Ochrana termostat\u016f, bezpe\u010dnostn\u00edch panel\u016f a dal\u0161\u00edch \u0159\u00eddic\u00edch syst\u00e9m\u016f budov.<\/li>\n<li data-sourcepos=\"17:1-17:137\"><strong>Audio\/video vybaven\u00ed:<\/strong> Mont\u00e1\u017e projektor\u016f, komponent\u016f zvukov\u00e9ho syst\u00e9mu a dal\u0161\u00edho AV vybaven\u00ed v konferen\u010dn\u00edch m\u00edstnostech nebo p\u0159edn\u00e1\u0161kov\u00fdch s\u00e1lech.<\/li>\n<li data-sourcepos=\"18:1-19:0\"><strong>Bezpe\u010dnostn\u00ed syst\u00e9my:<\/strong> Um\u00edst\u011bn\u00ed bezpe\u010dnostn\u00edch kamer, popla\u0161n\u00fdch panel\u016f a dal\u0161\u00edch bezpe\u010dnostn\u00edch za\u0159\u00edzen\u00ed.<\/li>\n<\/ul>\n<h4 data-sourcepos=\"20:1-20:94\"><strong>V\u00fdb\u011br spr\u00e1vn\u00e9 sk\u0159\u00edn\u011b pro mont\u00e1\u017e na st\u011bnu vy\u017eaduje pe\u010dliv\u00e9 zv\u00e1\u017een\u00ed n\u011bkolika faktor\u016f:<\/strong><\/h4>\n<ul data-sourcepos=\"22:1-26:0\">\n<li data-sourcepos=\"22:1-22:106\"><strong>Velikost a hmotnost:<\/strong> Zvolte sk\u0159\u00ed\u0148, do kter\u00e9 se va\u0161e za\u0159\u00edzen\u00ed a jeho hmotnost p\u0159im\u011b\u0159en\u011b vejdou.<\/li>\n<li data-sourcepos=\"23:1-23:104\"><strong>Materi\u00e1l:<\/strong> Zvolte si ocel kv\u016fli pevnosti a odolnosti, p\u0159\u00edpadn\u011b hlin\u00edk kv\u016fli \u00faspo\u0159e hmotnosti.<\/li>\n<li data-sourcepos=\"24:1-24:134\"><strong>Stupe\u0148 kryt\u00ed IP:<\/strong> Pro prost\u0159ed\u00ed, kde se vyskytuje prach nebo vlhkost, vyberte kryt s odpov\u00eddaj\u00edc\u00edm stupn\u011bm kryt\u00ed IP (Ingress Protection).<\/li>\n<li data-sourcepos=\"25:1-26:0\"><strong>V\u011btr\u00e1n\u00ed:<\/strong> Pokud je pro va\u0161e za\u0159\u00edzen\u00ed d\u016fle\u017eit\u00fd odvod tepla, zva\u017ete sk\u0159\u00edn\u011b s v\u011btrac\u00edmi otvory nebo ventil\u00e1tory.<\/li>\n<\/ul>","protected":false},"excerpt":{"rendered":"<p>Investic\u00ed do vhodn\u00e9ho krytu pro mont\u00e1\u017e na st\u011bnu nejen u\u0161et\u0159\u00edte m\u00edsto, ale tak\u00e9 poskytnete bezpe\u010dn\u00fd a chr\u00e1n\u011bn\u00fd domov sv\u00e9mu z\u00e1kladn\u00edmu elektronick\u00e9mu vybaven\u00ed, \u010d\u00edm\u017e podpo\u0159\u00edte efektivn\u00ed provoz a \u010dist\u00e9 a organizovan\u00e9 pracovn\u00ed prost\u0159ed\u00ed.<\/p>","protected":false},"featured_media":1693,"template":"","meta":[],"product_cat":[38],"product_tag":[],"_links":{"self":[{"href":"https:\/\/thepcba.com\/cs\/wp-json\/wp\/v2\/product\/1692"}],"collection":[{"href":"https:\/\/thepcba.com\/cs\/wp-json\/wp\/v2\/product"}],"about":[{"href":"https:\/\/thepcba.com\/cs\/wp-json\/wp\/v2\/types\/product"}],"wp:featuredmedia":[{"embeddable":true,"href":"https:\/\/thepcba.com\/cs\/wp-json\/wp\/v2\/media\/1693"}],"wp:attachment":[{"href":"https:\/\/thepcba.com\/cs\/wp-json\/wp\/v2\/media?parent=1692"}],"wp:term":[{"taxonomy":"product_cat","embeddable":true,"href":"https:\/\/thepcba.com\/cs\/wp-json\/wp\/v2\/product_cat?post=1692"},{"taxonomy":"product_tag","embeddable":true,"href":"https:\/\/thepcba.com\/cs\/wp-json\/wp\/v2\/product_tag?post=1692"}],"curies":[{"name":"wp","href":"https:\/\/api.w.org\/{rel}","templated":true}]}}