{"id":1689,"date":"2024-07-16T08:07:52","date_gmt":"2024-07-16T08:07:52","guid":{"rendered":"https:\/\/thepcba.com\/?post_type=product&#038;p=1689"},"modified":"2024-07-16T08:09:51","modified_gmt":"2024-07-16T08:09:51","slug":"instrument-enclosure","status":"publish","type":"product","link":"https:\/\/thepcba.com\/cs\/manufacturer\/instrument-enclosure\/","title":{"rendered":"Kryt p\u0159\u00edstroje"},"content":{"rendered":"<p data-sourcepos=\"3:1-3:244\">P\u0159\u00edstrojov\u00e1 sk\u0159\u00ed\u0148 je neop\u011bvovan\u00fdm hrdinou v\u011bdeck\u00e9ho a pr\u016fmyslov\u00e9ho sv\u011bta. Je to ochrann\u00fd kryt, obvykle vyroben\u00fd z robustn\u00edch materi\u00e1l\u016f, jako je hlin\u00edk nebo nerezov\u00e1 ocel, ur\u010den\u00fd k ochran\u011b cenn\u00fdch p\u0159\u00edstroj\u016f p\u0159ed po\u0161kozen\u00edm.<\/p>\n<h4 data-sourcepos=\"5:1-5:79\"><strong>Pova\u017eujte ji za ochranku sv\u00e9ho vybaven\u00ed, kter\u00e1 nab\u00edz\u00ed z\u00e1kladn\u00ed v\u00fdhody:<\/strong><\/h4>\n<ul data-sourcepos=\"7:1-9:96\">\n<li data-sourcepos=\"7:1-7:136\"><strong>Odolnost:<\/strong> Odol\u00e1v\u00e1 fyzick\u00fdm n\u00e1raz\u016fm, prachu a vlhkosti a zaji\u0161\u0165uje bezchybnou funk\u010dnost va\u0161ich p\u0159\u00edstroj\u016f v r\u016fzn\u00fdch prost\u0159ed\u00edch.<\/li>\n<li data-sourcepos=\"8:1-8:127\"><strong>Ochrana \u017eivotn\u00edho prost\u0159ed\u00ed:<\/strong> Poskytuje ochranu proti nep\u0159\u00edzniv\u00fdm podm\u00ednk\u00e1m a prodlu\u017euje \u017eivotnost va\u0161eho choulostiv\u00e9ho za\u0159\u00edzen\u00ed.<\/li>\n<li data-sourcepos=\"9:1-9:96\"><strong>Regulace teploty:<\/strong> Pom\u00e1h\u00e1 udr\u017eovat optim\u00e1ln\u00ed provozn\u00ed teplotu va\u0161ich p\u0159\u00edstroj\u016f, zejm\u00e9na u komponent citliv\u00fdch na teplo.<\/li>\n<li data-sourcepos=\"10:1-11:0\"><strong>St\u00edn\u011bn\u00ed proti elektromagnetick\u00e9mu ru\u0161en\u00ed (EMI):<\/strong> Blokuje ne\u017e\u00e1douc\u00ed elektromagnetick\u00e9 sign\u00e1ly, kter\u00e9 mohou naru\u0161it provoz va\u0161ich p\u0159\u00edstroj\u016f.<\/li>\n<\/ul>\n<h4 data-sourcepos=\"12:1-12:149\"><strong>P\u0159\u00edstrojov\u00e9 sk\u0159\u00edn\u011b se dod\u00e1vaj\u00ed v \u0161irok\u00e9 \u0161k\u00e1le tvar\u016f, velikost\u00ed a konfigurac\u00ed, kter\u00e9 vyhovuj\u00ed va\u0161im specifick\u00fdm pot\u0159eb\u00e1m. Zde jsou n\u011bkter\u00e9 b\u011b\u017en\u00e9 aplikace:<\/strong><\/h4>\n<ul data-sourcepos=\"14:1-15:95\">\n<li data-sourcepos=\"14:1-14:116\"><strong>Pr\u016fmyslov\u00e1 automatizace:<\/strong> Pouzdra ovl\u00e1dac\u00edch panel\u016f, senzor\u016f a dal\u0161\u00edch za\u0159\u00edzen\u00ed v tov\u00e1rn\u00e1ch a v\u00fdrobn\u00edch link\u00e1ch.<\/li>\n<li data-sourcepos=\"15:1-15:95\"><strong>Laborato\u0159e a v\u00fdzkumn\u00e1 za\u0159\u00edzen\u00ed:<\/strong> Ochrana citliv\u00fdch v\u011bdeck\u00fdch p\u0159\u00edstroj\u016f pou\u017e\u00edvan\u00fdch ve v\u00fdzkumu a v\u00fdvoji.<\/li>\n<li data-sourcepos=\"16:1-16:114\"><strong>Zdravotnick\u00e9 vybaven\u00ed:<\/strong> Zaji\u0161t\u011bn\u00ed bezpe\u010dn\u00e9ho a \u010dist\u00e9ho prost\u0159ed\u00ed pro zdravotnick\u00e9 prost\u0159edky pou\u017e\u00edvan\u00e9 v nemocnic\u00edch a na klinik\u00e1ch.<\/li>\n<li data-sourcepos=\"17:1-18:0\"><strong>Aplikace v ter\u00e9nu:<\/strong> Nab\u00edz\u00ed odolnou ochranu pro p\u0159\u00edstroje pou\u017e\u00edvan\u00e9 ve venkovn\u00edm prost\u0159ed\u00ed, jako jsou meteorologick\u00e9 stanice nebo za\u0159\u00edzen\u00ed pro monitorov\u00e1n\u00ed \u017eivotn\u00edho prost\u0159ed\u00ed.<\/li>\n<\/ul>\n<h4 data-sourcepos=\"19:1-19:94\"><strong>V\u00fdb\u011br spr\u00e1vn\u00e9ho krytu p\u0159\u00edstroje vy\u017eaduje pe\u010dliv\u00e9 zv\u00e1\u017een\u00ed n\u011bkolika faktor\u016f:<\/strong><\/h4>\n<ul data-sourcepos=\"21:1-25:0\">\n<li data-sourcepos=\"21:1-21:135\"><strong>Velikost a tvar:<\/strong> Ujist\u011bte se, \u017ee se do sk\u0159\u00edn\u011b pohodln\u011b vejde v\u00e1\u0161 p\u0159\u00edstroj a \u017ee umo\u017e\u0148uje spr\u00e1vn\u00e9 v\u011btr\u00e1n\u00ed a p\u0159\u00edstup ke kabel\u016fm.<\/li>\n<li data-sourcepos=\"22:1-22:120\"><strong>Materi\u00e1l:<\/strong> Zvolte materi\u00e1l, jako je hlin\u00edk pro \u00fasporu hmotnosti nebo nerezov\u00e1 ocel pro vy\u0161\u0161\u00ed odolnost proti korozi.<\/li>\n<li data-sourcepos=\"23:1-23:154\"><strong>Stupe\u0148 kryt\u00ed IP:<\/strong> Vyberte kryt s odpov\u00eddaj\u00edc\u00edm stupn\u011bm kryt\u00ed IP (Ingress Protection), aby odolal p\u016fsoben\u00ed prachu a vody v konkr\u00e9tn\u00edm prost\u0159ed\u00ed.<\/li>\n<li data-sourcepos=\"24:1-25:0\"><strong>Regulace teploty:<\/strong> Pokud v\u00e1m vad\u00ed rozptyl tepla, zva\u017ete chladic\u00ed prvky, jako jsou ventil\u00e1tory nebo v\u011btrac\u00ed otvory.<\/li>\n<\/ul>","protected":false},"excerpt":{"rendered":"<p>Investic\u00ed do vysoce kvalitn\u00edho krytu pro p\u0159\u00edstroje nejen chr\u00e1n\u00edte sv\u00e9 za\u0159\u00edzen\u00ed, ale tak\u00e9 zaji\u0161\u0165ujete integritu a p\u0159esnost sv\u00fdch dat a hladk\u00fd pr\u016fb\u011bh kritick\u00fdch proces\u016f.<\/p>","protected":false},"featured_media":1690,"template":"","meta":[],"product_cat":[38],"product_tag":[],"_links":{"self":[{"href":"https:\/\/thepcba.com\/cs\/wp-json\/wp\/v2\/product\/1689"}],"collection":[{"href":"https:\/\/thepcba.com\/cs\/wp-json\/wp\/v2\/product"}],"about":[{"href":"https:\/\/thepcba.com\/cs\/wp-json\/wp\/v2\/types\/product"}],"wp:featuredmedia":[{"embeddable":true,"href":"https:\/\/thepcba.com\/cs\/wp-json\/wp\/v2\/media\/1690"}],"wp:attachment":[{"href":"https:\/\/thepcba.com\/cs\/wp-json\/wp\/v2\/media?parent=1689"}],"wp:term":[{"taxonomy":"product_cat","embeddable":true,"href":"https:\/\/thepcba.com\/cs\/wp-json\/wp\/v2\/product_cat?post=1689"},{"taxonomy":"product_tag","embeddable":true,"href":"https:\/\/thepcba.com\/cs\/wp-json\/wp\/v2\/product_tag?post=1689"}],"curies":[{"name":"wp","href":"https:\/\/api.w.org\/{rel}","templated":true}]}}